{"id":897,"date":"2023-10-20T07:28:36","date_gmt":"2023-10-20T07:28:36","guid":{"rendered":"https:\/\/staging.airmotel.it\/descrizione\/"},"modified":"2023-12-11T17:05:39","modified_gmt":"2023-12-11T17:05:39","slug":"description","status":"publish","type":"page","link":"https:\/\/airmotel.it\/fr\/description\/","title":{"rendered":"Description"},"content":{"rendered":"\n<p>L\u2019Airmotel est un \u00e9tablissement 3 \u00e9toiles \u00e0 gestion familiale avec un personnel toujours pr\u00eat et attentif aux exigences de ses Clients.<br>Sa position pas loin de la sortie de l\u2019autoroute A4 (Venise) permet de le rejoindre en voiture facilement. Il se trouve pr\u00e8s de la gare de Mestre, de l\u2019h\u00f4pital Dell\u2019Angelo et de l\u2019a\u00e9roport Marco Polo de Venise. Son emplacement permet aussi de se d\u00e9placer vers autres villes d\u2019art comme Padoue, Tr\u00e9vise et V\u00e9rone.<\/p>\n\n\n\n<p>L\u2019h\u00f4tel dispose d\u2019un parking gratuit pour notre client\u00e8le qui peut rejoindre la ville de Venise en utilisant le transport public sans devoir utiliser sa propre voiture.<\/p>\n\n\n\n<p>L\u2019arr\u00eat du bus est situ\u00e9 \u00e0 environ 300 m\u00e8tres de l\u2019h\u00f4tel. Vous pouvez acheter les billets directement \u00e0 la r\u00e9ception de l\u2019h\u00f4tel et recevoir toutes les informations n\u00e9cessaires, avec des conseils utiles, afin de bien visiter la ville de Venise et ses palais historiques.<\/p>\n\n\n\n<p>L\u2019h\u00f4tel dispose de chambres spacieuses et confortables afin de vous permettre de bien reposer apr\u00e8s une longue journ\u00e9e de visite de la ville.<\/p>\n\n\n\n<p>Ouvert toute la journ\u00e9e, le bar est le lieu id\u00e9al pour prendre un ap\u00e9ritif ou un cocktail et se ressourcer apr\u00e8s avoir visit\u00e9 la ville de Venise.<\/p>\n\n\n\n<p><strong>Hall:<\/strong><br>Le hall de l\u2019h\u00f4tel vous accueille dans une ambiance lumineuse.<\/p>\n\n\n\n<p><strong>Bar et salle pour le petit dejeuner:<br><\/strong>Le bar est ouvert pendant toute la journ\u00e9e.<br>Une belle salle lumineuse vous attend chaque matin pour vous proposer de d\u00e9guster un copieux petit-d\u00e9jeuner sous forme de buffet qui vous aidera \u00e0 bien commencer la journ\u00e9e avec un doux sourire.<\/p>\n","protected":false},"excerpt":{"rendered":"<p>L\u2019Airmotel est un \u00e9tablissement 3 \u00e9toiles \u00e0 gestion familiale avec un personnel toujours pr\u00eat et attentif aux exigences de ses Clients.Sa position pas loin de la sortie de l\u2019autoroute A4 (Venise) permet de le rejoindre en voiture facilement. Il se trouve pr\u00e8s de la gare de Mestre, de l\u2019h\u00f4pital Dell\u2019Angelo et de l\u2019a\u00e9roport Marco Polo [&hellip;]<\/p>\n","protected":false},"author":1,"featured_media":313,"parent":0,"menu_order":0,"comment_status":"closed","ping_status":"closed","template":"","meta":{"footnotes":""},"class_list":["post-897","page","type-page","status-publish","has-post-thumbnail","hentry"],"acf":[],"yoast_head":"<!-- This site is optimized with the Yoast SEO plugin v26.0 - https:\/\/yoast.com\/wordpress\/plugins\/seo\/ -->\n<title>Description - Hotel Airmotel<\/title>\n<meta name=\"robots\" content=\"index, follow, max-snippet:-1, max-image-preview:large, max-video-preview:-1\" \/>\n<link rel=\"canonical\" href=\"https:\/\/airmotel.it\/fr\/description\/\" \/>\n<meta property=\"og:locale\" content=\"fr_FR\" \/>\n<meta property=\"og:type\" content=\"article\" \/>\n<meta property=\"og:title\" content=\"Description - Hotel Airmotel\" \/>\n<meta property=\"og:description\" content=\"L\u2019Airmotel est un \u00e9tablissement 3 \u00e9toiles \u00e0 gestion familiale avec un personnel toujours pr\u00eat et attentif aux exigences de ses Clients.Sa position pas loin de la sortie de l\u2019autoroute A4 (Venise) permet de le rejoindre en voiture facilement. Il se trouve pr\u00e8s de la gare de Mestre, de l\u2019h\u00f4pital Dell\u2019Angelo et de l\u2019a\u00e9roport Marco Polo [&hellip;]\" \/>\n<meta property=\"og:url\" content=\"https:\/\/airmotel.it\/fr\/description\/\" \/>\n<meta property=\"og:site_name\" content=\"Hotel Airmotel\" \/>\n<meta property=\"article:modified_time\" content=\"2023-12-11T17:05:39+00:00\" \/>\n<meta property=\"og:image\" content=\"https:\/\/airmotel.it\/wp-content\/uploads\/2023\/10\/MG_0180-HDR.jpg\" \/>\n\t<meta property=\"og:image:width\" content=\"1200\" \/>\n\t<meta property=\"og:image:height\" content=\"800\" \/>\n\t<meta property=\"og:image:type\" content=\"image\/jpeg\" \/>\n<meta name=\"twitter:card\" content=\"summary_large_image\" \/>\n<meta name=\"twitter:label1\" content=\"Dur\u00e9e de lecture estim\u00e9e\" \/>\n\t<meta name=\"twitter:data1\" content=\"2 minutes\" \/>\n<script type=\"application\/ld+json\" class=\"yoast-schema-graph\">{\"@context\":\"https:\/\/schema.org\",\"@graph\":[{\"@type\":\"WebPage\",\"@id\":\"https:\/\/airmotel.it\/fr\/description\/\",\"url\":\"https:\/\/airmotel.it\/fr\/description\/\",\"name\":\"Description - Hotel Airmotel\",\"isPartOf\":{\"@id\":\"https:\/\/airmotel.it\/fr\/#website\"},\"primaryImageOfPage\":{\"@id\":\"https:\/\/airmotel.it\/fr\/description\/#primaryimage\"},\"image\":{\"@id\":\"https:\/\/airmotel.it\/fr\/description\/#primaryimage\"},\"thumbnailUrl\":\"https:\/\/airmotel.it\/wp-content\/uploads\/2023\/10\/MG_0180-HDR.jpg\",\"datePublished\":\"2023-10-20T07:28:36+00:00\",\"dateModified\":\"2023-12-11T17:05:39+00:00\",\"breadcrumb\":{\"@id\":\"https:\/\/airmotel.it\/fr\/description\/#breadcrumb\"},\"inLanguage\":\"fr-FR\",\"potentialAction\":[{\"@type\":\"ReadAction\",\"target\":[\"https:\/\/airmotel.it\/fr\/description\/\"]}]},{\"@type\":\"ImageObject\",\"inLanguage\":\"fr-FR\",\"@id\":\"https:\/\/airmotel.it\/fr\/description\/#primaryimage\",\"url\":\"https:\/\/airmotel.it\/wp-content\/uploads\/2023\/10\/MG_0180-HDR.jpg\",\"contentUrl\":\"https:\/\/airmotel.it\/wp-content\/uploads\/2023\/10\/MG_0180-HDR.jpg\",\"width\":1200,\"height\":800},{\"@type\":\"BreadcrumbList\",\"@id\":\"https:\/\/airmotel.it\/fr\/description\/#breadcrumb\",\"itemListElement\":[{\"@type\":\"ListItem\",\"position\":1,\"name\":\"Home\",\"item\":\"https:\/\/airmotel.it\/fr\/\"},{\"@type\":\"ListItem\",\"position\":2,\"name\":\"Description\"}]},{\"@type\":\"WebSite\",\"@id\":\"https:\/\/airmotel.it\/fr\/#website\",\"url\":\"https:\/\/airmotel.it\/fr\/\",\"name\":\"Hotel Airmotel\",\"description\":\"Hotel a conduzione famigliare\",\"publisher\":{\"@id\":\"https:\/\/airmotel.it\/fr\/#organization\"},\"potentialAction\":[{\"@type\":\"SearchAction\",\"target\":{\"@type\":\"EntryPoint\",\"urlTemplate\":\"https:\/\/airmotel.it\/fr\/?s={search_term_string}\"},\"query-input\":{\"@type\":\"PropertyValueSpecification\",\"valueRequired\":true,\"valueName\":\"search_term_string\"}}],\"inLanguage\":\"fr-FR\"},{\"@type\":\"Organization\",\"@id\":\"https:\/\/airmotel.it\/fr\/#organization\",\"name\":\"Hotel Airmotel\",\"url\":\"https:\/\/airmotel.it\/fr\/\",\"logo\":{\"@type\":\"ImageObject\",\"inLanguage\":\"fr-FR\",\"@id\":\"https:\/\/airmotel.it\/fr\/#\/schema\/logo\/image\/\",\"url\":\"https:\/\/airmotel.it\/wp-content\/uploads\/2023\/10\/cropped-logo-air2.png\",\"contentUrl\":\"https:\/\/airmotel.it\/wp-content\/uploads\/2023\/10\/cropped-logo-air2.png\",\"width\":120,\"height\":85,\"caption\":\"Hotel Airmotel\"},\"image\":{\"@id\":\"https:\/\/airmotel.it\/fr\/#\/schema\/logo\/image\/\"}}]}<\/script>\n<!-- \/ Yoast SEO plugin. -->","yoast_head_json":{"title":"Description - Hotel Airmotel","robots":{"index":"index","follow":"follow","max-snippet":"max-snippet:-1","max-image-preview":"max-image-preview:large","max-video-preview":"max-video-preview:-1"},"canonical":"https:\/\/airmotel.it\/fr\/description\/","og_locale":"fr_FR","og_type":"article","og_title":"Description - Hotel Airmotel","og_description":"L\u2019Airmotel est un \u00e9tablissement 3 \u00e9toiles \u00e0 gestion familiale avec un personnel toujours pr\u00eat et attentif aux exigences de ses Clients.Sa position pas loin de la sortie de l\u2019autoroute A4 (Venise) permet de le rejoindre en voiture facilement. Il se trouve pr\u00e8s de la gare de Mestre, de l\u2019h\u00f4pital Dell\u2019Angelo et de l\u2019a\u00e9roport Marco Polo [&hellip;]","og_url":"https:\/\/airmotel.it\/fr\/description\/","og_site_name":"Hotel Airmotel","article_modified_time":"2023-12-11T17:05:39+00:00","og_image":[{"width":1200,"height":800,"url":"https:\/\/airmotel.it\/wp-content\/uploads\/2023\/10\/MG_0180-HDR.jpg","type":"image\/jpeg"}],"twitter_card":"summary_large_image","twitter_misc":{"Dur\u00e9e de lecture estim\u00e9e":"2 minutes"},"schema":{"@context":"https:\/\/schema.org","@graph":[{"@type":"WebPage","@id":"https:\/\/airmotel.it\/fr\/description\/","url":"https:\/\/airmotel.it\/fr\/description\/","name":"Description - Hotel Airmotel","isPartOf":{"@id":"https:\/\/airmotel.it\/fr\/#website"},"primaryImageOfPage":{"@id":"https:\/\/airmotel.it\/fr\/description\/#primaryimage"},"image":{"@id":"https:\/\/airmotel.it\/fr\/description\/#primaryimage"},"thumbnailUrl":"https:\/\/airmotel.it\/wp-content\/uploads\/2023\/10\/MG_0180-HDR.jpg","datePublished":"2023-10-20T07:28:36+00:00","dateModified":"2023-12-11T17:05:39+00:00","breadcrumb":{"@id":"https:\/\/airmotel.it\/fr\/description\/#breadcrumb"},"inLanguage":"fr-FR","potentialAction":[{"@type":"ReadAction","target":["https:\/\/airmotel.it\/fr\/description\/"]}]},{"@type":"ImageObject","inLanguage":"fr-FR","@id":"https:\/\/airmotel.it\/fr\/description\/#primaryimage","url":"https:\/\/airmotel.it\/wp-content\/uploads\/2023\/10\/MG_0180-HDR.jpg","contentUrl":"https:\/\/airmotel.it\/wp-content\/uploads\/2023\/10\/MG_0180-HDR.jpg","width":1200,"height":800},{"@type":"BreadcrumbList","@id":"https:\/\/airmotel.it\/fr\/description\/#breadcrumb","itemListElement":[{"@type":"ListItem","position":1,"name":"Home","item":"https:\/\/airmotel.it\/fr\/"},{"@type":"ListItem","position":2,"name":"Description"}]},{"@type":"WebSite","@id":"https:\/\/airmotel.it\/fr\/#website","url":"https:\/\/airmotel.it\/fr\/","name":"Hotel Airmotel","description":"Hotel a conduzione famigliare","publisher":{"@id":"https:\/\/airmotel.it\/fr\/#organization"},"potentialAction":[{"@type":"SearchAction","target":{"@type":"EntryPoint","urlTemplate":"https:\/\/airmotel.it\/fr\/?s={search_term_string}"},"query-input":{"@type":"PropertyValueSpecification","valueRequired":true,"valueName":"search_term_string"}}],"inLanguage":"fr-FR"},{"@type":"Organization","@id":"https:\/\/airmotel.it\/fr\/#organization","name":"Hotel Airmotel","url":"https:\/\/airmotel.it\/fr\/","logo":{"@type":"ImageObject","inLanguage":"fr-FR","@id":"https:\/\/airmotel.it\/fr\/#\/schema\/logo\/image\/","url":"https:\/\/airmotel.it\/wp-content\/uploads\/2023\/10\/cropped-logo-air2.png","contentUrl":"https:\/\/airmotel.it\/wp-content\/uploads\/2023\/10\/cropped-logo-air2.png","width":120,"height":85,"caption":"Hotel Airmotel"},"image":{"@id":"https:\/\/airmotel.it\/fr\/#\/schema\/logo\/image\/"}}]}},"_links":{"self":[{"href":"https:\/\/airmotel.it\/fr\/wp-json\/wp\/v2\/pages\/897","targetHints":{"allow":["GET"]}}],"collection":[{"href":"https:\/\/airmotel.it\/fr\/wp-json\/wp\/v2\/pages"}],"about":[{"href":"https:\/\/airmotel.it\/fr\/wp-json\/wp\/v2\/types\/page"}],"author":[{"embeddable":true,"href":"https:\/\/airmotel.it\/fr\/wp-json\/wp\/v2\/users\/1"}],"replies":[{"embeddable":true,"href":"https:\/\/airmotel.it\/fr\/wp-json\/wp\/v2\/comments?post=897"}],"version-history":[{"count":1,"href":"https:\/\/airmotel.it\/fr\/wp-json\/wp\/v2\/pages\/897\/revisions"}],"predecessor-version":[{"id":898,"href":"https:\/\/airmotel.it\/fr\/wp-json\/wp\/v2\/pages\/897\/revisions\/898"}],"wp:featuredmedia":[{"embeddable":true,"href":"https:\/\/airmotel.it\/fr\/wp-json\/wp\/v2\/media\/313"}],"wp:attachment":[{"href":"https:\/\/airmotel.it\/fr\/wp-json\/wp\/v2\/media?parent=897"}],"curies":[{"name":"wp","href":"https:\/\/api.w.org\/{rel}","templated":true}]}}