{"id":876,"date":"2023-10-18T10:08:43","date_gmt":"2023-10-18T10:08:43","guid":{"rendered":"https:\/\/staging.airmotel.it\/contact\/"},"modified":"2023-12-11T16:46:31","modified_gmt":"2023-12-11T16:46:31","slug":"contact","status":"publish","type":"page","link":"https:\/\/airmotel.it\/fr\/contact\/","title":{"rendered":"Contact"},"content":{"rendered":"\n<div class=\"wp-block-columns is-layout-flex wp-container-core-columns-is-layout-9d6595d7 wp-block-columns-is-layout-flex\">\n<div class=\"wp-block-column is-layout-flow wp-block-column-is-layout-flow\">\n<h3 class=\"wp-block-heading\">Hotel Airmotel<\/h3>\n\n\n\n<p>Via Alfredo Ceccherini, 13<br>30174 Mestre<br>Venezia<br>View map<\/p>\n<\/div>\n\n\n\n<div class=\"wp-block-column is-layout-flow wp-block-column-is-layout-flow\">\n<h3 class=\"wp-block-heading\">Horaires<\/h3>\n\n\n\n<p><strong>Arriv\u00e9e:<\/strong> \u00e0 partir de 14h00<br>(en cas d&rsquo;arriv\u00e9e anticip\u00e9e, vous pouvez laisser vos bagages \u00e0 la r\u00e9ception)<br><strong>D\u00e9part:<\/strong> 11 heures.<br><strong>Petit d\u00e9jeuner:<\/strong> 07:00-10:00 heures<\/p>\n\n\n\n<p><\/p>\n<\/div>\n<\/div>\n\n\n\n<div class=\"wp-block-columns is-layout-flex wp-container-core-columns-is-layout-9d6595d7 wp-block-columns-is-layout-flex\">\n<div class=\"wp-block-column is-layout-flow wp-block-column-is-layout-flow\">\n<p><strong>Taxe de s\u00e9jour non incluse<\/strong><\/p>\n\n\n\n<p>Haute saison 2,40 \u20ac par personne et par nuit.<br>Basse saison 1,70 \u20ac par personne et par nuit.<br>Gratuit pour les enfants jusqu&rsquo;\u00e0 9 ans.<br>50% de r\u00e9duction pour les enfants de 10 \u00e0 15 ans.<\/p>\n<\/div>\n<\/div>\n","protected":false},"excerpt":{"rendered":"<p>Hotel Airmotel Via Alfredo Ceccherini, 1330174 MestreVeneziaView map Horaires Arriv\u00e9e: \u00e0 partir de 14h00(en cas d&rsquo;arriv\u00e9e anticip\u00e9e, vous pouvez laisser vos bagages \u00e0 la r\u00e9ception)D\u00e9part: 11 heures.Petit d\u00e9jeuner: 07:00-10:00 heures Taxe de s\u00e9jour non incluse Haute saison 2,40 \u20ac par personne et par nuit.Basse saison 1,70 \u20ac par personne et par nuit.Gratuit pour les enfants [&hellip;]<\/p>\n","protected":false},"author":1,"featured_media":135,"parent":0,"menu_order":0,"comment_status":"closed","ping_status":"closed","template":"templates\/contatti.php","meta":{"footnotes":""},"class_list":["post-876","page","type-page","status-publish","has-post-thumbnail","hentry"],"acf":[],"yoast_head":"<!-- This site is optimized with the Yoast SEO plugin v26.0 - https:\/\/yoast.com\/wordpress\/plugins\/seo\/ -->\n<title>Contact - Hotel Airmotel<\/title>\n<meta name=\"robots\" content=\"index, follow, max-snippet:-1, max-image-preview:large, max-video-preview:-1\" \/>\n<link rel=\"canonical\" href=\"https:\/\/airmotel.it\/fr\/contact\/\" \/>\n<meta property=\"og:locale\" content=\"fr_FR\" \/>\n<meta property=\"og:type\" content=\"article\" \/>\n<meta property=\"og:title\" content=\"Contact - Hotel Airmotel\" \/>\n<meta property=\"og:description\" content=\"Hotel Airmotel Via Alfredo Ceccherini, 1330174 MestreVeneziaView map Horaires Arriv\u00e9e: \u00e0 partir de 14h00(en cas d&rsquo;arriv\u00e9e anticip\u00e9e, vous pouvez laisser vos bagages \u00e0 la r\u00e9ception)D\u00e9part: 11 heures.Petit d\u00e9jeuner: 07:00-10:00 heures Taxe de s\u00e9jour non incluse Haute saison 2,40 \u20ac par personne et par nuit.Basse saison 1,70 \u20ac par personne et par nuit.Gratuit pour les enfants [&hellip;]\" \/>\n<meta property=\"og:url\" content=\"https:\/\/airmotel.it\/fr\/contact\/\" \/>\n<meta property=\"og:site_name\" content=\"Hotel Airmotel\" \/>\n<meta property=\"article:modified_time\" content=\"2023-12-11T16:46:31+00:00\" \/>\n<meta property=\"og:image\" content=\"https:\/\/airmotel.it\/wp-content\/uploads\/2023\/10\/MG_0112.jpg\" \/>\n\t<meta property=\"og:image:width\" content=\"1200\" \/>\n\t<meta property=\"og:image:height\" content=\"800\" \/>\n\t<meta property=\"og:image:type\" content=\"image\/jpeg\" \/>\n<meta name=\"twitter:card\" content=\"summary_large_image\" \/>\n<meta name=\"twitter:label1\" content=\"Dur\u00e9e de lecture estim\u00e9e\" \/>\n\t<meta name=\"twitter:data1\" content=\"1 minute\" \/>\n<script type=\"application\/ld+json\" class=\"yoast-schema-graph\">{\"@context\":\"https:\/\/schema.org\",\"@graph\":[{\"@type\":\"WebPage\",\"@id\":\"https:\/\/airmotel.it\/fr\/contact\/\",\"url\":\"https:\/\/airmotel.it\/fr\/contact\/\",\"name\":\"Contact - Hotel Airmotel\",\"isPartOf\":{\"@id\":\"https:\/\/airmotel.it\/fr\/#website\"},\"primaryImageOfPage\":{\"@id\":\"https:\/\/airmotel.it\/fr\/contact\/#primaryimage\"},\"image\":{\"@id\":\"https:\/\/airmotel.it\/fr\/contact\/#primaryimage\"},\"thumbnailUrl\":\"https:\/\/airmotel.it\/wp-content\/uploads\/2023\/10\/MG_0112.jpg\",\"datePublished\":\"2023-10-18T10:08:43+00:00\",\"dateModified\":\"2023-12-11T16:46:31+00:00\",\"breadcrumb\":{\"@id\":\"https:\/\/airmotel.it\/fr\/contact\/#breadcrumb\"},\"inLanguage\":\"fr-FR\",\"potentialAction\":[{\"@type\":\"ReadAction\",\"target\":[\"https:\/\/airmotel.it\/fr\/contact\/\"]}]},{\"@type\":\"ImageObject\",\"inLanguage\":\"fr-FR\",\"@id\":\"https:\/\/airmotel.it\/fr\/contact\/#primaryimage\",\"url\":\"https:\/\/airmotel.it\/wp-content\/uploads\/2023\/10\/MG_0112.jpg\",\"contentUrl\":\"https:\/\/airmotel.it\/wp-content\/uploads\/2023\/10\/MG_0112.jpg\",\"width\":1200,\"height\":800,\"caption\":\"Hotel Airmotel Mestre\"},{\"@type\":\"BreadcrumbList\",\"@id\":\"https:\/\/airmotel.it\/fr\/contact\/#breadcrumb\",\"itemListElement\":[{\"@type\":\"ListItem\",\"position\":1,\"name\":\"Home\",\"item\":\"https:\/\/airmotel.it\/fr\/\"},{\"@type\":\"ListItem\",\"position\":2,\"name\":\"Contact\"}]},{\"@type\":\"WebSite\",\"@id\":\"https:\/\/airmotel.it\/fr\/#website\",\"url\":\"https:\/\/airmotel.it\/fr\/\",\"name\":\"Hotel Airmotel\",\"description\":\"Hotel a conduzione famigliare\",\"publisher\":{\"@id\":\"https:\/\/airmotel.it\/fr\/#organization\"},\"potentialAction\":[{\"@type\":\"SearchAction\",\"target\":{\"@type\":\"EntryPoint\",\"urlTemplate\":\"https:\/\/airmotel.it\/fr\/?s={search_term_string}\"},\"query-input\":{\"@type\":\"PropertyValueSpecification\",\"valueRequired\":true,\"valueName\":\"search_term_string\"}}],\"inLanguage\":\"fr-FR\"},{\"@type\":\"Organization\",\"@id\":\"https:\/\/airmotel.it\/fr\/#organization\",\"name\":\"Hotel Airmotel\",\"url\":\"https:\/\/airmotel.it\/fr\/\",\"logo\":{\"@type\":\"ImageObject\",\"inLanguage\":\"fr-FR\",\"@id\":\"https:\/\/airmotel.it\/fr\/#\/schema\/logo\/image\/\",\"url\":\"https:\/\/airmotel.it\/wp-content\/uploads\/2023\/10\/cropped-logo-air2.png\",\"contentUrl\":\"https:\/\/airmotel.it\/wp-content\/uploads\/2023\/10\/cropped-logo-air2.png\",\"width\":120,\"height\":85,\"caption\":\"Hotel Airmotel\"},\"image\":{\"@id\":\"https:\/\/airmotel.it\/fr\/#\/schema\/logo\/image\/\"}}]}<\/script>\n<!-- \/ Yoast SEO plugin. -->","yoast_head_json":{"title":"Contact - Hotel Airmotel","robots":{"index":"index","follow":"follow","max-snippet":"max-snippet:-1","max-image-preview":"max-image-preview:large","max-video-preview":"max-video-preview:-1"},"canonical":"https:\/\/airmotel.it\/fr\/contact\/","og_locale":"fr_FR","og_type":"article","og_title":"Contact - Hotel Airmotel","og_description":"Hotel Airmotel Via Alfredo Ceccherini, 1330174 MestreVeneziaView map Horaires Arriv\u00e9e: \u00e0 partir de 14h00(en cas d&rsquo;arriv\u00e9e anticip\u00e9e, vous pouvez laisser vos bagages \u00e0 la r\u00e9ception)D\u00e9part: 11 heures.Petit d\u00e9jeuner: 07:00-10:00 heures Taxe de s\u00e9jour non incluse Haute saison 2,40 \u20ac par personne et par nuit.Basse saison 1,70 \u20ac par personne et par nuit.Gratuit pour les enfants [&hellip;]","og_url":"https:\/\/airmotel.it\/fr\/contact\/","og_site_name":"Hotel Airmotel","article_modified_time":"2023-12-11T16:46:31+00:00","og_image":[{"width":1200,"height":800,"url":"https:\/\/airmotel.it\/wp-content\/uploads\/2023\/10\/MG_0112.jpg","type":"image\/jpeg"}],"twitter_card":"summary_large_image","twitter_misc":{"Dur\u00e9e de lecture estim\u00e9e":"1 minute"},"schema":{"@context":"https:\/\/schema.org","@graph":[{"@type":"WebPage","@id":"https:\/\/airmotel.it\/fr\/contact\/","url":"https:\/\/airmotel.it\/fr\/contact\/","name":"Contact - Hotel Airmotel","isPartOf":{"@id":"https:\/\/airmotel.it\/fr\/#website"},"primaryImageOfPage":{"@id":"https:\/\/airmotel.it\/fr\/contact\/#primaryimage"},"image":{"@id":"https:\/\/airmotel.it\/fr\/contact\/#primaryimage"},"thumbnailUrl":"https:\/\/airmotel.it\/wp-content\/uploads\/2023\/10\/MG_0112.jpg","datePublished":"2023-10-18T10:08:43+00:00","dateModified":"2023-12-11T16:46:31+00:00","breadcrumb":{"@id":"https:\/\/airmotel.it\/fr\/contact\/#breadcrumb"},"inLanguage":"fr-FR","potentialAction":[{"@type":"ReadAction","target":["https:\/\/airmotel.it\/fr\/contact\/"]}]},{"@type":"ImageObject","inLanguage":"fr-FR","@id":"https:\/\/airmotel.it\/fr\/contact\/#primaryimage","url":"https:\/\/airmotel.it\/wp-content\/uploads\/2023\/10\/MG_0112.jpg","contentUrl":"https:\/\/airmotel.it\/wp-content\/uploads\/2023\/10\/MG_0112.jpg","width":1200,"height":800,"caption":"Hotel Airmotel Mestre"},{"@type":"BreadcrumbList","@id":"https:\/\/airmotel.it\/fr\/contact\/#breadcrumb","itemListElement":[{"@type":"ListItem","position":1,"name":"Home","item":"https:\/\/airmotel.it\/fr\/"},{"@type":"ListItem","position":2,"name":"Contact"}]},{"@type":"WebSite","@id":"https:\/\/airmotel.it\/fr\/#website","url":"https:\/\/airmotel.it\/fr\/","name":"Hotel Airmotel","description":"Hotel a conduzione famigliare","publisher":{"@id":"https:\/\/airmotel.it\/fr\/#organization"},"potentialAction":[{"@type":"SearchAction","target":{"@type":"EntryPoint","urlTemplate":"https:\/\/airmotel.it\/fr\/?s={search_term_string}"},"query-input":{"@type":"PropertyValueSpecification","valueRequired":true,"valueName":"search_term_string"}}],"inLanguage":"fr-FR"},{"@type":"Organization","@id":"https:\/\/airmotel.it\/fr\/#organization","name":"Hotel Airmotel","url":"https:\/\/airmotel.it\/fr\/","logo":{"@type":"ImageObject","inLanguage":"fr-FR","@id":"https:\/\/airmotel.it\/fr\/#\/schema\/logo\/image\/","url":"https:\/\/airmotel.it\/wp-content\/uploads\/2023\/10\/cropped-logo-air2.png","contentUrl":"https:\/\/airmotel.it\/wp-content\/uploads\/2023\/10\/cropped-logo-air2.png","width":120,"height":85,"caption":"Hotel Airmotel"},"image":{"@id":"https:\/\/airmotel.it\/fr\/#\/schema\/logo\/image\/"}}]}},"_links":{"self":[{"href":"https:\/\/airmotel.it\/fr\/wp-json\/wp\/v2\/pages\/876","targetHints":{"allow":["GET"]}}],"collection":[{"href":"https:\/\/airmotel.it\/fr\/wp-json\/wp\/v2\/pages"}],"about":[{"href":"https:\/\/airmotel.it\/fr\/wp-json\/wp\/v2\/types\/page"}],"author":[{"embeddable":true,"href":"https:\/\/airmotel.it\/fr\/wp-json\/wp\/v2\/users\/1"}],"replies":[{"embeddable":true,"href":"https:\/\/airmotel.it\/fr\/wp-json\/wp\/v2\/comments?post=876"}],"version-history":[{"count":1,"href":"https:\/\/airmotel.it\/fr\/wp-json\/wp\/v2\/pages\/876\/revisions"}],"predecessor-version":[{"id":878,"href":"https:\/\/airmotel.it\/fr\/wp-json\/wp\/v2\/pages\/876\/revisions\/878"}],"wp:featuredmedia":[{"embeddable":true,"href":"https:\/\/airmotel.it\/fr\/wp-json\/wp\/v2\/media\/135"}],"wp:attachment":[{"href":"https:\/\/airmotel.it\/fr\/wp-json\/wp\/v2\/media?parent=876"}],"curies":[{"name":"wp","href":"https:\/\/api.w.org\/{rel}","templated":true}]}}