{"id":698,"date":"2023-09-25T08:18:56","date_gmt":"2023-09-25T08:18:56","guid":{"rendered":"https:\/\/staging.airmotel.it\/?page_id=698"},"modified":"2023-12-11T17:32:02","modified_gmt":"2023-12-11T17:32:02","slug":"privacy-policy","status":"publish","type":"page","link":"https:\/\/airmotel.it\/fr\/privacy-policy\/","title":{"rendered":"PRIVACY POLICY"},"content":{"rendered":"\n<p><br>Conform\u00e9ment \u00e0 l\u2019article 10 de la loi 196\/2003, nous vous informons que les donn\u00e9es \u00e0 caract\u00e8re personnel seront trait\u00e9es par AIRmotel, dont le si\u00e8ge est Via Ceccherini,13 \u2013 Venezia Mestre de mani\u00e8re \u00e0 assurer la s\u00e9curit\u00e9 et la confidentialit\u00e9 desdites donn\u00e9es, en conformit\u00e9 avec les dispositions du Code en mati\u00e8re de protection des donn\u00e9es \u00e0 caract\u00e8re personnel (D. Lgs. 196\/2003).<br>Le traitement se fera par la consultation et l\u2019\u00e9laboration sur supports papier et informatique dont l\u2019acc\u00e8s est contr\u00f4l\u00e9.<br>La communication des donn\u00e9es par les utilisateurs \u00e9tant facultative, nous vous pr\u00e9cisons toutefois qu\u2019elle est indispensable pour l\u2019envoi des informations que vous avez demand\u00e9es. Il vous est possible \u00e0 tout moment de demander la mise \u00e0 jour, la rectification ou l\u2019effacement de vos donn\u00e9es conform\u00e9ment aux dispositions de l\u2019art. 7 du D. Lgs. 196\/2003 en envoyant un e-mail \u00e0 info@airmotel.it<br>Je donne mon consentement au traitement de mes donn\u00e9es \u00e0 caract\u00e8re personnel.<\/p>\n","protected":false},"excerpt":{"rendered":"<p>Conform\u00e9ment \u00e0 l\u2019article 10 de la loi 196\/2003, nous vous informons que les donn\u00e9es \u00e0 caract\u00e8re personnel seront trait\u00e9es par AIRmotel, dont le si\u00e8ge est Via Ceccherini,13 \u2013 Venezia Mestre de mani\u00e8re \u00e0 assurer la s\u00e9curit\u00e9 et la confidentialit\u00e9 desdites donn\u00e9es, en conformit\u00e9 avec les dispositions du Code en mati\u00e8re de protection des donn\u00e9es \u00e0 [&hellip;]<\/p>\n","protected":false},"author":1,"featured_media":0,"parent":0,"menu_order":0,"comment_status":"closed","ping_status":"closed","template":"","meta":{"footnotes":""},"class_list":["post-698","page","type-page","status-publish","hentry"],"acf":[],"yoast_head":"<!-- This site is optimized with the Yoast SEO plugin v26.0 - https:\/\/yoast.com\/wordpress\/plugins\/seo\/ -->\n<title>PRIVACY POLICY - Hotel Airmotel<\/title>\n<meta name=\"robots\" content=\"index, follow, max-snippet:-1, max-image-preview:large, max-video-preview:-1\" \/>\n<link rel=\"canonical\" href=\"https:\/\/airmotel.it\/fr\/privacy-policy\/\" \/>\n<meta property=\"og:locale\" content=\"fr_FR\" \/>\n<meta property=\"og:type\" content=\"article\" \/>\n<meta property=\"og:title\" content=\"PRIVACY POLICY - Hotel Airmotel\" \/>\n<meta property=\"og:description\" content=\"Conform\u00e9ment \u00e0 l\u2019article 10 de la loi 196\/2003, nous vous informons que les donn\u00e9es \u00e0 caract\u00e8re personnel seront trait\u00e9es par AIRmotel, dont le si\u00e8ge est Via Ceccherini,13 \u2013 Venezia Mestre de mani\u00e8re \u00e0 assurer la s\u00e9curit\u00e9 et la confidentialit\u00e9 desdites donn\u00e9es, en conformit\u00e9 avec les dispositions du Code en mati\u00e8re de protection des donn\u00e9es \u00e0 [&hellip;]\" \/>\n<meta property=\"og:url\" content=\"https:\/\/airmotel.it\/fr\/privacy-policy\/\" \/>\n<meta property=\"og:site_name\" content=\"Hotel Airmotel\" \/>\n<meta property=\"article:modified_time\" content=\"2023-12-11T17:32:02+00:00\" \/>\n<meta name=\"twitter:card\" content=\"summary_large_image\" \/>\n<meta name=\"twitter:label1\" content=\"Dur\u00e9e de lecture estim\u00e9e\" \/>\n\t<meta name=\"twitter:data1\" content=\"1 minute\" \/>\n<script type=\"application\/ld+json\" class=\"yoast-schema-graph\">{\"@context\":\"https:\/\/schema.org\",\"@graph\":[{\"@type\":\"WebPage\",\"@id\":\"https:\/\/airmotel.it\/fr\/privacy-policy\/\",\"url\":\"https:\/\/airmotel.it\/fr\/privacy-policy\/\",\"name\":\"PRIVACY POLICY - Hotel Airmotel\",\"isPartOf\":{\"@id\":\"https:\/\/airmotel.it\/fr\/#website\"},\"datePublished\":\"2023-09-25T08:18:56+00:00\",\"dateModified\":\"2023-12-11T17:32:02+00:00\",\"breadcrumb\":{\"@id\":\"https:\/\/airmotel.it\/fr\/privacy-policy\/#breadcrumb\"},\"inLanguage\":\"fr-FR\",\"potentialAction\":[{\"@type\":\"ReadAction\",\"target\":[\"https:\/\/airmotel.it\/fr\/privacy-policy\/\"]}]},{\"@type\":\"BreadcrumbList\",\"@id\":\"https:\/\/airmotel.it\/fr\/privacy-policy\/#breadcrumb\",\"itemListElement\":[{\"@type\":\"ListItem\",\"position\":1,\"name\":\"Home\",\"item\":\"https:\/\/airmotel.it\/fr\/\"},{\"@type\":\"ListItem\",\"position\":2,\"name\":\"PRIVACY POLICY\"}]},{\"@type\":\"WebSite\",\"@id\":\"https:\/\/airmotel.it\/fr\/#website\",\"url\":\"https:\/\/airmotel.it\/fr\/\",\"name\":\"Hotel Airmotel\",\"description\":\"Hotel a conduzione famigliare\",\"publisher\":{\"@id\":\"https:\/\/airmotel.it\/fr\/#organization\"},\"potentialAction\":[{\"@type\":\"SearchAction\",\"target\":{\"@type\":\"EntryPoint\",\"urlTemplate\":\"https:\/\/airmotel.it\/fr\/?s={search_term_string}\"},\"query-input\":{\"@type\":\"PropertyValueSpecification\",\"valueRequired\":true,\"valueName\":\"search_term_string\"}}],\"inLanguage\":\"fr-FR\"},{\"@type\":\"Organization\",\"@id\":\"https:\/\/airmotel.it\/fr\/#organization\",\"name\":\"Hotel Airmotel\",\"url\":\"https:\/\/airmotel.it\/fr\/\",\"logo\":{\"@type\":\"ImageObject\",\"inLanguage\":\"fr-FR\",\"@id\":\"https:\/\/airmotel.it\/fr\/#\/schema\/logo\/image\/\",\"url\":\"https:\/\/airmotel.it\/wp-content\/uploads\/2023\/10\/cropped-logo-air2.png\",\"contentUrl\":\"https:\/\/airmotel.it\/wp-content\/uploads\/2023\/10\/cropped-logo-air2.png\",\"width\":120,\"height\":85,\"caption\":\"Hotel Airmotel\"},\"image\":{\"@id\":\"https:\/\/airmotel.it\/fr\/#\/schema\/logo\/image\/\"}}]}<\/script>\n<!-- \/ Yoast SEO plugin. -->","yoast_head_json":{"title":"PRIVACY POLICY - Hotel Airmotel","robots":{"index":"index","follow":"follow","max-snippet":"max-snippet:-1","max-image-preview":"max-image-preview:large","max-video-preview":"max-video-preview:-1"},"canonical":"https:\/\/airmotel.it\/fr\/privacy-policy\/","og_locale":"fr_FR","og_type":"article","og_title":"PRIVACY POLICY - Hotel Airmotel","og_description":"Conform\u00e9ment \u00e0 l\u2019article 10 de la loi 196\/2003, nous vous informons que les donn\u00e9es \u00e0 caract\u00e8re personnel seront trait\u00e9es par AIRmotel, dont le si\u00e8ge est Via Ceccherini,13 \u2013 Venezia Mestre de mani\u00e8re \u00e0 assurer la s\u00e9curit\u00e9 et la confidentialit\u00e9 desdites donn\u00e9es, en conformit\u00e9 avec les dispositions du Code en mati\u00e8re de protection des donn\u00e9es \u00e0 [&hellip;]","og_url":"https:\/\/airmotel.it\/fr\/privacy-policy\/","og_site_name":"Hotel Airmotel","article_modified_time":"2023-12-11T17:32:02+00:00","twitter_card":"summary_large_image","twitter_misc":{"Dur\u00e9e de lecture estim\u00e9e":"1 minute"},"schema":{"@context":"https:\/\/schema.org","@graph":[{"@type":"WebPage","@id":"https:\/\/airmotel.it\/fr\/privacy-policy\/","url":"https:\/\/airmotel.it\/fr\/privacy-policy\/","name":"PRIVACY POLICY - Hotel Airmotel","isPartOf":{"@id":"https:\/\/airmotel.it\/fr\/#website"},"datePublished":"2023-09-25T08:18:56+00:00","dateModified":"2023-12-11T17:32:02+00:00","breadcrumb":{"@id":"https:\/\/airmotel.it\/fr\/privacy-policy\/#breadcrumb"},"inLanguage":"fr-FR","potentialAction":[{"@type":"ReadAction","target":["https:\/\/airmotel.it\/fr\/privacy-policy\/"]}]},{"@type":"BreadcrumbList","@id":"https:\/\/airmotel.it\/fr\/privacy-policy\/#breadcrumb","itemListElement":[{"@type":"ListItem","position":1,"name":"Home","item":"https:\/\/airmotel.it\/fr\/"},{"@type":"ListItem","position":2,"name":"PRIVACY POLICY"}]},{"@type":"WebSite","@id":"https:\/\/airmotel.it\/fr\/#website","url":"https:\/\/airmotel.it\/fr\/","name":"Hotel Airmotel","description":"Hotel a conduzione famigliare","publisher":{"@id":"https:\/\/airmotel.it\/fr\/#organization"},"potentialAction":[{"@type":"SearchAction","target":{"@type":"EntryPoint","urlTemplate":"https:\/\/airmotel.it\/fr\/?s={search_term_string}"},"query-input":{"@type":"PropertyValueSpecification","valueRequired":true,"valueName":"search_term_string"}}],"inLanguage":"fr-FR"},{"@type":"Organization","@id":"https:\/\/airmotel.it\/fr\/#organization","name":"Hotel Airmotel","url":"https:\/\/airmotel.it\/fr\/","logo":{"@type":"ImageObject","inLanguage":"fr-FR","@id":"https:\/\/airmotel.it\/fr\/#\/schema\/logo\/image\/","url":"https:\/\/airmotel.it\/wp-content\/uploads\/2023\/10\/cropped-logo-air2.png","contentUrl":"https:\/\/airmotel.it\/wp-content\/uploads\/2023\/10\/cropped-logo-air2.png","width":120,"height":85,"caption":"Hotel Airmotel"},"image":{"@id":"https:\/\/airmotel.it\/fr\/#\/schema\/logo\/image\/"}}]}},"_links":{"self":[{"href":"https:\/\/airmotel.it\/fr\/wp-json\/wp\/v2\/pages\/698","targetHints":{"allow":["GET"]}}],"collection":[{"href":"https:\/\/airmotel.it\/fr\/wp-json\/wp\/v2\/pages"}],"about":[{"href":"https:\/\/airmotel.it\/fr\/wp-json\/wp\/v2\/types\/page"}],"author":[{"embeddable":true,"href":"https:\/\/airmotel.it\/fr\/wp-json\/wp\/v2\/users\/1"}],"replies":[{"embeddable":true,"href":"https:\/\/airmotel.it\/fr\/wp-json\/wp\/v2\/comments?post=698"}],"version-history":[{"count":1,"href":"https:\/\/airmotel.it\/fr\/wp-json\/wp\/v2\/pages\/698\/revisions"}],"predecessor-version":[{"id":699,"href":"https:\/\/airmotel.it\/fr\/wp-json\/wp\/v2\/pages\/698\/revisions\/699"}],"wp:attachment":[{"href":"https:\/\/airmotel.it\/fr\/wp-json\/wp\/v2\/media?parent=698"}],"curies":[{"name":"wp","href":"https:\/\/api.w.org\/{rel}","templated":true}]}}