{"id":904,"date":"2023-10-20T07:28:36","date_gmt":"2023-10-20T07:28:36","guid":{"rendered":"https:\/\/staging.airmotel.it\/beschreibung\/"},"modified":"2023-12-11T17:09:59","modified_gmt":"2023-12-11T17:09:59","slug":"descripcion","status":"publish","type":"page","link":"https:\/\/airmotel.it\/es\/descripcion\/","title":{"rendered":"Descripci\u00f3n"},"content":{"rendered":"\n<p>Airmotel es un hotel de car\u00e1cter familiar con un personal siempre listo para cuidar de todo lo que sus hu\u00e9spedes necesitan. Gracias a su localizaci\u00f3n cercana a la salida de la autopista A4 (Venecia) se puede llegar f\u00e1cilmente al hotel y a otros sitios \u00fatiles como la estaci\u00f3n de trenes de Mestre, el hospital (Ospedale dell\u2019Angelo) y el Aeropuerto Marco Polo. Adem\u00e1s, los hu\u00e9spedes pueden desplazarse c\u00f3modamente para ciudades famosas como Padua, Treviso y Verona.<\/p>\n\n\n\n<p>El aparcamiento privado del hotel es amplio y gratuito para los hu\u00e9spedes, que podr\u00e1n f\u00e1cilmente ir a Venecia en autob\u00fas, sin utilizar su coche. De hecho, la parada del autob\u00fas est\u00e1 s\u00f3lo a 300 metros del hotel. Es posible comprar los billetes directamente en la recepci\u00f3n, donde se puede tambi\u00e9n recibir informaci\u00f3n y consejos \u00fatiles para visitar Venecia y sus maravillosas atracciones.<\/p>\n\n\n\n<p>El hotel dispone de habitaciones acogedoras, espaciosas y tranquilas que permiten a los hu\u00e9spedes descansar agradablemente despu\u00e9s de un d\u00eda de visitas en Venecia. En el hotel hay tambi\u00e9n un bar abierto todo el d\u00eda donde los hu\u00e9spedes pueden relajarse y tomarse algo.<\/p>\n\n\n\n<p><strong>Hall<\/strong><\/p>\n\n\n\n<p>El hotel dispone de un hall acogedor con un personal que cuidar\u00e1 a los hu\u00e9spedes desde su llegada en todo lo que necesiten.<\/p>\n\n\n\n<p><strong>Bar y sala de desayuno<\/strong><\/p>\n\n\n\n<p>Bar siempre abierto y una sala amplia donde uno puede desayunar productos maravillosos en un rico buffet, lo ideal para empezar el d\u00eda con energ\u00eda y una sonrisa.<\/p>\n","protected":false},"excerpt":{"rendered":"<p>Airmotel es un hotel de car\u00e1cter familiar con un personal siempre listo para cuidar de todo lo que sus hu\u00e9spedes necesitan. Gracias a su localizaci\u00f3n cercana a la salida de la autopista A4 (Venecia) se puede llegar f\u00e1cilmente al hotel y a otros sitios \u00fatiles como la estaci\u00f3n de trenes de Mestre, el hospital (Ospedale [&hellip;]<\/p>\n","protected":false},"author":1,"featured_media":315,"parent":0,"menu_order":0,"comment_status":"closed","ping_status":"closed","template":"","meta":{"footnotes":""},"class_list":["post-904","page","type-page","status-publish","has-post-thumbnail","hentry"],"acf":[],"yoast_head":"<!-- This site is optimized with the Yoast SEO plugin v26.0 - https:\/\/yoast.com\/wordpress\/plugins\/seo\/ -->\n<title>Descripci\u00f3n - Hotel Airmotel<\/title>\n<meta name=\"robots\" content=\"index, follow, max-snippet:-1, max-image-preview:large, max-video-preview:-1\" \/>\n<link rel=\"canonical\" href=\"https:\/\/airmotel.it\/es\/descripcion\/\" \/>\n<meta property=\"og:locale\" content=\"es_ES\" \/>\n<meta property=\"og:type\" content=\"article\" \/>\n<meta property=\"og:title\" content=\"Descripci\u00f3n - Hotel Airmotel\" \/>\n<meta property=\"og:description\" content=\"Airmotel es un hotel de car\u00e1cter familiar con un personal siempre listo para cuidar de todo lo que sus hu\u00e9spedes necesitan. Gracias a su localizaci\u00f3n cercana a la salida de la autopista A4 (Venecia) se puede llegar f\u00e1cilmente al hotel y a otros sitios \u00fatiles como la estaci\u00f3n de trenes de Mestre, el hospital (Ospedale [&hellip;]\" \/>\n<meta property=\"og:url\" content=\"https:\/\/airmotel.it\/es\/descripcion\/\" \/>\n<meta property=\"og:site_name\" content=\"Hotel Airmotel\" \/>\n<meta property=\"article:modified_time\" content=\"2023-12-11T17:09:59+00:00\" \/>\n<meta property=\"og:image\" content=\"https:\/\/airmotel.it\/wp-content\/uploads\/2023\/10\/MG_0180-HDR.jpg\" \/>\n\t<meta property=\"og:image:width\" content=\"1200\" \/>\n\t<meta property=\"og:image:height\" content=\"800\" \/>\n\t<meta property=\"og:image:type\" content=\"image\/jpeg\" \/>\n<meta name=\"twitter:card\" content=\"summary_large_image\" \/>\n<meta name=\"twitter:label1\" content=\"Tiempo de lectura\" \/>\n\t<meta name=\"twitter:data1\" content=\"2 minutos\" \/>\n<script type=\"application\/ld+json\" class=\"yoast-schema-graph\">{\"@context\":\"https:\/\/schema.org\",\"@graph\":[{\"@type\":\"WebPage\",\"@id\":\"https:\/\/airmotel.it\/es\/descripcion\/\",\"url\":\"https:\/\/airmotel.it\/es\/descripcion\/\",\"name\":\"Descripci\u00f3n - Hotel Airmotel\",\"isPartOf\":{\"@id\":\"https:\/\/airmotel.it\/es\/#website\"},\"primaryImageOfPage\":{\"@id\":\"https:\/\/airmotel.it\/es\/descripcion\/#primaryimage\"},\"image\":{\"@id\":\"https:\/\/airmotel.it\/es\/descripcion\/#primaryimage\"},\"thumbnailUrl\":\"https:\/\/airmotel.it\/wp-content\/uploads\/2023\/10\/MG_0180-HDR.jpg\",\"datePublished\":\"2023-10-20T07:28:36+00:00\",\"dateModified\":\"2023-12-11T17:09:59+00:00\",\"breadcrumb\":{\"@id\":\"https:\/\/airmotel.it\/es\/descripcion\/#breadcrumb\"},\"inLanguage\":\"es\",\"potentialAction\":[{\"@type\":\"ReadAction\",\"target\":[\"https:\/\/airmotel.it\/es\/descripcion\/\"]}]},{\"@type\":\"ImageObject\",\"inLanguage\":\"es\",\"@id\":\"https:\/\/airmotel.it\/es\/descripcion\/#primaryimage\",\"url\":\"https:\/\/airmotel.it\/wp-content\/uploads\/2023\/10\/MG_0180-HDR.jpg\",\"contentUrl\":\"https:\/\/airmotel.it\/wp-content\/uploads\/2023\/10\/MG_0180-HDR.jpg\",\"width\":1200,\"height\":800},{\"@type\":\"BreadcrumbList\",\"@id\":\"https:\/\/airmotel.it\/es\/descripcion\/#breadcrumb\",\"itemListElement\":[{\"@type\":\"ListItem\",\"position\":1,\"name\":\"Home\",\"item\":\"https:\/\/airmotel.it\/es\/\"},{\"@type\":\"ListItem\",\"position\":2,\"name\":\"Descripci\u00f3n\"}]},{\"@type\":\"WebSite\",\"@id\":\"https:\/\/airmotel.it\/es\/#website\",\"url\":\"https:\/\/airmotel.it\/es\/\",\"name\":\"Hotel Airmotel\",\"description\":\"Hotel a conduzione famigliare\",\"publisher\":{\"@id\":\"https:\/\/airmotel.it\/es\/#organization\"},\"potentialAction\":[{\"@type\":\"SearchAction\",\"target\":{\"@type\":\"EntryPoint\",\"urlTemplate\":\"https:\/\/airmotel.it\/es\/?s={search_term_string}\"},\"query-input\":{\"@type\":\"PropertyValueSpecification\",\"valueRequired\":true,\"valueName\":\"search_term_string\"}}],\"inLanguage\":\"es\"},{\"@type\":\"Organization\",\"@id\":\"https:\/\/airmotel.it\/es\/#organization\",\"name\":\"Hotel Airmotel\",\"url\":\"https:\/\/airmotel.it\/es\/\",\"logo\":{\"@type\":\"ImageObject\",\"inLanguage\":\"es\",\"@id\":\"https:\/\/airmotel.it\/es\/#\/schema\/logo\/image\/\",\"url\":\"https:\/\/airmotel.it\/wp-content\/uploads\/2023\/10\/cropped-logo-air2.png\",\"contentUrl\":\"https:\/\/airmotel.it\/wp-content\/uploads\/2023\/10\/cropped-logo-air2.png\",\"width\":120,\"height\":85,\"caption\":\"Hotel Airmotel\"},\"image\":{\"@id\":\"https:\/\/airmotel.it\/es\/#\/schema\/logo\/image\/\"}}]}<\/script>\n<!-- \/ Yoast SEO plugin. -->","yoast_head_json":{"title":"Descripci\u00f3n - Hotel Airmotel","robots":{"index":"index","follow":"follow","max-snippet":"max-snippet:-1","max-image-preview":"max-image-preview:large","max-video-preview":"max-video-preview:-1"},"canonical":"https:\/\/airmotel.it\/es\/descripcion\/","og_locale":"es_ES","og_type":"article","og_title":"Descripci\u00f3n - Hotel Airmotel","og_description":"Airmotel es un hotel de car\u00e1cter familiar con un personal siempre listo para cuidar de todo lo que sus hu\u00e9spedes necesitan. Gracias a su localizaci\u00f3n cercana a la salida de la autopista A4 (Venecia) se puede llegar f\u00e1cilmente al hotel y a otros sitios \u00fatiles como la estaci\u00f3n de trenes de Mestre, el hospital (Ospedale [&hellip;]","og_url":"https:\/\/airmotel.it\/es\/descripcion\/","og_site_name":"Hotel Airmotel","article_modified_time":"2023-12-11T17:09:59+00:00","og_image":[{"width":1200,"height":800,"url":"https:\/\/airmotel.it\/wp-content\/uploads\/2023\/10\/MG_0180-HDR.jpg","type":"image\/jpeg"}],"twitter_card":"summary_large_image","twitter_misc":{"Tiempo de lectura":"2 minutos"},"schema":{"@context":"https:\/\/schema.org","@graph":[{"@type":"WebPage","@id":"https:\/\/airmotel.it\/es\/descripcion\/","url":"https:\/\/airmotel.it\/es\/descripcion\/","name":"Descripci\u00f3n - Hotel Airmotel","isPartOf":{"@id":"https:\/\/airmotel.it\/es\/#website"},"primaryImageOfPage":{"@id":"https:\/\/airmotel.it\/es\/descripcion\/#primaryimage"},"image":{"@id":"https:\/\/airmotel.it\/es\/descripcion\/#primaryimage"},"thumbnailUrl":"https:\/\/airmotel.it\/wp-content\/uploads\/2023\/10\/MG_0180-HDR.jpg","datePublished":"2023-10-20T07:28:36+00:00","dateModified":"2023-12-11T17:09:59+00:00","breadcrumb":{"@id":"https:\/\/airmotel.it\/es\/descripcion\/#breadcrumb"},"inLanguage":"es","potentialAction":[{"@type":"ReadAction","target":["https:\/\/airmotel.it\/es\/descripcion\/"]}]},{"@type":"ImageObject","inLanguage":"es","@id":"https:\/\/airmotel.it\/es\/descripcion\/#primaryimage","url":"https:\/\/airmotel.it\/wp-content\/uploads\/2023\/10\/MG_0180-HDR.jpg","contentUrl":"https:\/\/airmotel.it\/wp-content\/uploads\/2023\/10\/MG_0180-HDR.jpg","width":1200,"height":800},{"@type":"BreadcrumbList","@id":"https:\/\/airmotel.it\/es\/descripcion\/#breadcrumb","itemListElement":[{"@type":"ListItem","position":1,"name":"Home","item":"https:\/\/airmotel.it\/es\/"},{"@type":"ListItem","position":2,"name":"Descripci\u00f3n"}]},{"@type":"WebSite","@id":"https:\/\/airmotel.it\/es\/#website","url":"https:\/\/airmotel.it\/es\/","name":"Hotel Airmotel","description":"Hotel a conduzione famigliare","publisher":{"@id":"https:\/\/airmotel.it\/es\/#organization"},"potentialAction":[{"@type":"SearchAction","target":{"@type":"EntryPoint","urlTemplate":"https:\/\/airmotel.it\/es\/?s={search_term_string}"},"query-input":{"@type":"PropertyValueSpecification","valueRequired":true,"valueName":"search_term_string"}}],"inLanguage":"es"},{"@type":"Organization","@id":"https:\/\/airmotel.it\/es\/#organization","name":"Hotel Airmotel","url":"https:\/\/airmotel.it\/es\/","logo":{"@type":"ImageObject","inLanguage":"es","@id":"https:\/\/airmotel.it\/es\/#\/schema\/logo\/image\/","url":"https:\/\/airmotel.it\/wp-content\/uploads\/2023\/10\/cropped-logo-air2.png","contentUrl":"https:\/\/airmotel.it\/wp-content\/uploads\/2023\/10\/cropped-logo-air2.png","width":120,"height":85,"caption":"Hotel Airmotel"},"image":{"@id":"https:\/\/airmotel.it\/es\/#\/schema\/logo\/image\/"}}]}},"_links":{"self":[{"href":"https:\/\/airmotel.it\/es\/wp-json\/wp\/v2\/pages\/904","targetHints":{"allow":["GET"]}}],"collection":[{"href":"https:\/\/airmotel.it\/es\/wp-json\/wp\/v2\/pages"}],"about":[{"href":"https:\/\/airmotel.it\/es\/wp-json\/wp\/v2\/types\/page"}],"author":[{"embeddable":true,"href":"https:\/\/airmotel.it\/es\/wp-json\/wp\/v2\/users\/1"}],"replies":[{"embeddable":true,"href":"https:\/\/airmotel.it\/es\/wp-json\/wp\/v2\/comments?post=904"}],"version-history":[{"count":1,"href":"https:\/\/airmotel.it\/es\/wp-json\/wp\/v2\/pages\/904\/revisions"}],"predecessor-version":[{"id":906,"href":"https:\/\/airmotel.it\/es\/wp-json\/wp\/v2\/pages\/904\/revisions\/906"}],"wp:featuredmedia":[{"embeddable":true,"href":"https:\/\/airmotel.it\/es\/wp-json\/wp\/v2\/media\/315"}],"wp:attachment":[{"href":"https:\/\/airmotel.it\/es\/wp-json\/wp\/v2\/media?parent=904"}],"curies":[{"name":"wp","href":"https:\/\/api.w.org\/{rel}","templated":true}]}}