{"id":900,"date":"2023-10-20T07:28:36","date_gmt":"2023-10-20T07:28:36","guid":{"rendered":"https:\/\/staging.airmotel.it\/description\/"},"modified":"2023-12-11T17:07:34","modified_gmt":"2023-12-11T17:07:34","slug":"beschreibung","status":"publish","type":"page","link":"https:\/\/airmotel.it\/de\/beschreibung\/","title":{"rendered":"Beschreibung"},"content":{"rendered":"\n<p>Das Airmotel ist bei eine nette italienische Familie gef\u00fchrt und das Personal ist immer auf die Bed\u00fcrfnisse der lieben G\u00e4ste bem\u00fcht und aufmerksam Das Hotel liegt in der Nahe von der Ausfahrt der Autobahnstelle (A4 Venedig), also ist es mit dem Auto leicht erreichbar.<br>Das Airmotel ist nur weniger Kilometer von dem Hauptbahnhof von Mestre, dem Krankenhaus \u201c dell\u2019 Angelo\u201d und Marco Polo Flughafen entfern.<br>Sein Standort erm\u00f6glicht man die n\u00e4he Kunststadt wie Padova, Treviso und Verona zu erreichen.<br>Der gro\u00dfe Parkplatz des Hotels ist kostenlos f\u00fcr alle die G\u00e4ste, die ihre Auto dort lassen k\u00f6nnen und Venedig mit Linienbusse erreichen k\u00f6nnen.<br>Die Bushaltestelle ist nur 300m von dem Hotel entfern.<br>Die G\u00e4ste k\u00f6nnen direkt an der Rezeption die Tickets der \u00f6ffentlichen Transport kaufen und das Personal wird Ihnen auch wichtigen Informationen und Ratschlagen \u00fcber Venedig und seine Wunderwerken geben.<br>Das Hotel bietet gem\u00fctlich, gro\u00dfe und ruhig Zimmer, wo man, nach ein lange und erm\u00fcdend Tag in Venedig, relaxen und ausruhen kann.<br>Man kann auch mit einem regenerierende Getr\u00e4nk im Hotel relaxen, weil die Hotelbar, wahrend des Tags, immer ge\u00f6ffnet ist.<br><strong>Eingangshalle:<\/strong><br>Eine warme und gem\u00fctliche Eingangshalle mit einer Belegschaft, die sie f\u00fcr jeden Bedarf jeder G\u00e4ste aufmerksam ist.<br><strong>Bar und Fr\u00fchst\u00fcckszimmer:<\/strong><br>Corner Bar ist immer ge\u00f6ffnet und es befindet sich ein gro\u00dfes Zimmer f\u00fcr ein reichhaltiges Fr\u00fchst\u00fccksbuffet in der Hoffnung, den Tag mit einem s\u00fc\u00dfen L\u00e4cheln anzufangen.<\/p>\n","protected":false},"excerpt":{"rendered":"<p>Das Airmotel ist bei eine nette italienische Familie gef\u00fchrt und das Personal ist immer auf die Bed\u00fcrfnisse der lieben G\u00e4ste bem\u00fcht und aufmerksam Das Hotel liegt in der Nahe von der Ausfahrt der Autobahnstelle (A4 Venedig), also ist es mit dem Auto leicht erreichbar.Das Airmotel ist nur weniger Kilometer von dem Hauptbahnhof von Mestre, dem [&hellip;]<\/p>\n","protected":false},"author":1,"featured_media":314,"parent":0,"menu_order":0,"comment_status":"closed","ping_status":"closed","template":"","meta":{"footnotes":""},"class_list":["post-900","page","type-page","status-publish","has-post-thumbnail","hentry"],"acf":[],"yoast_head":"<!-- This site is optimized with the Yoast SEO plugin v26.0 - https:\/\/yoast.com\/wordpress\/plugins\/seo\/ -->\n<title>Beschreibung - Hotel Airmotel<\/title>\n<meta name=\"robots\" content=\"index, follow, max-snippet:-1, max-image-preview:large, max-video-preview:-1\" \/>\n<link rel=\"canonical\" href=\"https:\/\/airmotel.it\/de\/beschreibung\/\" \/>\n<meta property=\"og:locale\" content=\"de_DE\" \/>\n<meta property=\"og:type\" content=\"article\" \/>\n<meta property=\"og:title\" content=\"Beschreibung - Hotel Airmotel\" \/>\n<meta property=\"og:description\" content=\"Das Airmotel ist bei eine nette italienische Familie gef\u00fchrt und das Personal ist immer auf die Bed\u00fcrfnisse der lieben G\u00e4ste bem\u00fcht und aufmerksam Das Hotel liegt in der Nahe von der Ausfahrt der Autobahnstelle (A4 Venedig), also ist es mit dem Auto leicht erreichbar.Das Airmotel ist nur weniger Kilometer von dem Hauptbahnhof von Mestre, dem [&hellip;]\" \/>\n<meta property=\"og:url\" content=\"https:\/\/airmotel.it\/de\/beschreibung\/\" \/>\n<meta property=\"og:site_name\" content=\"Hotel Airmotel\" \/>\n<meta property=\"article:modified_time\" content=\"2023-12-11T17:07:34+00:00\" \/>\n<meta property=\"og:image\" content=\"https:\/\/airmotel.it\/wp-content\/uploads\/2023\/10\/MG_0180-HDR.jpg\" \/>\n\t<meta property=\"og:image:width\" content=\"1200\" \/>\n\t<meta property=\"og:image:height\" content=\"800\" \/>\n\t<meta property=\"og:image:type\" content=\"image\/jpeg\" \/>\n<meta name=\"twitter:card\" content=\"summary_large_image\" \/>\n<meta name=\"twitter:label1\" content=\"Gesch\u00e4tzte Lesezeit\" \/>\n\t<meta name=\"twitter:data1\" content=\"2\u00a0Minuten\" \/>\n<script type=\"application\/ld+json\" class=\"yoast-schema-graph\">{\"@context\":\"https:\/\/schema.org\",\"@graph\":[{\"@type\":\"WebPage\",\"@id\":\"https:\/\/airmotel.it\/de\/beschreibung\/\",\"url\":\"https:\/\/airmotel.it\/de\/beschreibung\/\",\"name\":\"Beschreibung - Hotel Airmotel\",\"isPartOf\":{\"@id\":\"https:\/\/airmotel.it\/de\/#website\"},\"primaryImageOfPage\":{\"@id\":\"https:\/\/airmotel.it\/de\/beschreibung\/#primaryimage\"},\"image\":{\"@id\":\"https:\/\/airmotel.it\/de\/beschreibung\/#primaryimage\"},\"thumbnailUrl\":\"https:\/\/airmotel.it\/wp-content\/uploads\/2023\/10\/MG_0180-HDR.jpg\",\"datePublished\":\"2023-10-20T07:28:36+00:00\",\"dateModified\":\"2023-12-11T17:07:34+00:00\",\"breadcrumb\":{\"@id\":\"https:\/\/airmotel.it\/de\/beschreibung\/#breadcrumb\"},\"inLanguage\":\"de\",\"potentialAction\":[{\"@type\":\"ReadAction\",\"target\":[\"https:\/\/airmotel.it\/de\/beschreibung\/\"]}]},{\"@type\":\"ImageObject\",\"inLanguage\":\"de\",\"@id\":\"https:\/\/airmotel.it\/de\/beschreibung\/#primaryimage\",\"url\":\"https:\/\/airmotel.it\/wp-content\/uploads\/2023\/10\/MG_0180-HDR.jpg\",\"contentUrl\":\"https:\/\/airmotel.it\/wp-content\/uploads\/2023\/10\/MG_0180-HDR.jpg\",\"width\":1200,\"height\":800},{\"@type\":\"BreadcrumbList\",\"@id\":\"https:\/\/airmotel.it\/de\/beschreibung\/#breadcrumb\",\"itemListElement\":[{\"@type\":\"ListItem\",\"position\":1,\"name\":\"Home\",\"item\":\"https:\/\/airmotel.it\/de\/\"},{\"@type\":\"ListItem\",\"position\":2,\"name\":\"Beschreibung\"}]},{\"@type\":\"WebSite\",\"@id\":\"https:\/\/airmotel.it\/de\/#website\",\"url\":\"https:\/\/airmotel.it\/de\/\",\"name\":\"Hotel Airmotel\",\"description\":\"Hotel a conduzione famigliare\",\"publisher\":{\"@id\":\"https:\/\/airmotel.it\/de\/#organization\"},\"potentialAction\":[{\"@type\":\"SearchAction\",\"target\":{\"@type\":\"EntryPoint\",\"urlTemplate\":\"https:\/\/airmotel.it\/de\/?s={search_term_string}\"},\"query-input\":{\"@type\":\"PropertyValueSpecification\",\"valueRequired\":true,\"valueName\":\"search_term_string\"}}],\"inLanguage\":\"de\"},{\"@type\":\"Organization\",\"@id\":\"https:\/\/airmotel.it\/de\/#organization\",\"name\":\"Hotel Airmotel\",\"url\":\"https:\/\/airmotel.it\/de\/\",\"logo\":{\"@type\":\"ImageObject\",\"inLanguage\":\"de\",\"@id\":\"https:\/\/airmotel.it\/de\/#\/schema\/logo\/image\/\",\"url\":\"https:\/\/airmotel.it\/wp-content\/uploads\/2023\/10\/cropped-logo-air2.png\",\"contentUrl\":\"https:\/\/airmotel.it\/wp-content\/uploads\/2023\/10\/cropped-logo-air2.png\",\"width\":120,\"height\":85,\"caption\":\"Hotel Airmotel\"},\"image\":{\"@id\":\"https:\/\/airmotel.it\/de\/#\/schema\/logo\/image\/\"}}]}<\/script>\n<!-- \/ Yoast SEO plugin. -->","yoast_head_json":{"title":"Beschreibung - Hotel Airmotel","robots":{"index":"index","follow":"follow","max-snippet":"max-snippet:-1","max-image-preview":"max-image-preview:large","max-video-preview":"max-video-preview:-1"},"canonical":"https:\/\/airmotel.it\/de\/beschreibung\/","og_locale":"de_DE","og_type":"article","og_title":"Beschreibung - Hotel Airmotel","og_description":"Das Airmotel ist bei eine nette italienische Familie gef\u00fchrt und das Personal ist immer auf die Bed\u00fcrfnisse der lieben G\u00e4ste bem\u00fcht und aufmerksam Das Hotel liegt in der Nahe von der Ausfahrt der Autobahnstelle (A4 Venedig), also ist es mit dem Auto leicht erreichbar.Das Airmotel ist nur weniger Kilometer von dem Hauptbahnhof von Mestre, dem [&hellip;]","og_url":"https:\/\/airmotel.it\/de\/beschreibung\/","og_site_name":"Hotel Airmotel","article_modified_time":"2023-12-11T17:07:34+00:00","og_image":[{"width":1200,"height":800,"url":"https:\/\/airmotel.it\/wp-content\/uploads\/2023\/10\/MG_0180-HDR.jpg","type":"image\/jpeg"}],"twitter_card":"summary_large_image","twitter_misc":{"Gesch\u00e4tzte Lesezeit":"2\u00a0Minuten"},"schema":{"@context":"https:\/\/schema.org","@graph":[{"@type":"WebPage","@id":"https:\/\/airmotel.it\/de\/beschreibung\/","url":"https:\/\/airmotel.it\/de\/beschreibung\/","name":"Beschreibung - Hotel Airmotel","isPartOf":{"@id":"https:\/\/airmotel.it\/de\/#website"},"primaryImageOfPage":{"@id":"https:\/\/airmotel.it\/de\/beschreibung\/#primaryimage"},"image":{"@id":"https:\/\/airmotel.it\/de\/beschreibung\/#primaryimage"},"thumbnailUrl":"https:\/\/airmotel.it\/wp-content\/uploads\/2023\/10\/MG_0180-HDR.jpg","datePublished":"2023-10-20T07:28:36+00:00","dateModified":"2023-12-11T17:07:34+00:00","breadcrumb":{"@id":"https:\/\/airmotel.it\/de\/beschreibung\/#breadcrumb"},"inLanguage":"de","potentialAction":[{"@type":"ReadAction","target":["https:\/\/airmotel.it\/de\/beschreibung\/"]}]},{"@type":"ImageObject","inLanguage":"de","@id":"https:\/\/airmotel.it\/de\/beschreibung\/#primaryimage","url":"https:\/\/airmotel.it\/wp-content\/uploads\/2023\/10\/MG_0180-HDR.jpg","contentUrl":"https:\/\/airmotel.it\/wp-content\/uploads\/2023\/10\/MG_0180-HDR.jpg","width":1200,"height":800},{"@type":"BreadcrumbList","@id":"https:\/\/airmotel.it\/de\/beschreibung\/#breadcrumb","itemListElement":[{"@type":"ListItem","position":1,"name":"Home","item":"https:\/\/airmotel.it\/de\/"},{"@type":"ListItem","position":2,"name":"Beschreibung"}]},{"@type":"WebSite","@id":"https:\/\/airmotel.it\/de\/#website","url":"https:\/\/airmotel.it\/de\/","name":"Hotel Airmotel","description":"Hotel a conduzione famigliare","publisher":{"@id":"https:\/\/airmotel.it\/de\/#organization"},"potentialAction":[{"@type":"SearchAction","target":{"@type":"EntryPoint","urlTemplate":"https:\/\/airmotel.it\/de\/?s={search_term_string}"},"query-input":{"@type":"PropertyValueSpecification","valueRequired":true,"valueName":"search_term_string"}}],"inLanguage":"de"},{"@type":"Organization","@id":"https:\/\/airmotel.it\/de\/#organization","name":"Hotel Airmotel","url":"https:\/\/airmotel.it\/de\/","logo":{"@type":"ImageObject","inLanguage":"de","@id":"https:\/\/airmotel.it\/de\/#\/schema\/logo\/image\/","url":"https:\/\/airmotel.it\/wp-content\/uploads\/2023\/10\/cropped-logo-air2.png","contentUrl":"https:\/\/airmotel.it\/wp-content\/uploads\/2023\/10\/cropped-logo-air2.png","width":120,"height":85,"caption":"Hotel Airmotel"},"image":{"@id":"https:\/\/airmotel.it\/de\/#\/schema\/logo\/image\/"}}]}},"_links":{"self":[{"href":"https:\/\/airmotel.it\/de\/wp-json\/wp\/v2\/pages\/900","targetHints":{"allow":["GET"]}}],"collection":[{"href":"https:\/\/airmotel.it\/de\/wp-json\/wp\/v2\/pages"}],"about":[{"href":"https:\/\/airmotel.it\/de\/wp-json\/wp\/v2\/types\/page"}],"author":[{"embeddable":true,"href":"https:\/\/airmotel.it\/de\/wp-json\/wp\/v2\/users\/1"}],"replies":[{"embeddable":true,"href":"https:\/\/airmotel.it\/de\/wp-json\/wp\/v2\/comments?post=900"}],"version-history":[{"count":1,"href":"https:\/\/airmotel.it\/de\/wp-json\/wp\/v2\/pages\/900\/revisions"}],"predecessor-version":[{"id":902,"href":"https:\/\/airmotel.it\/de\/wp-json\/wp\/v2\/pages\/900\/revisions\/902"}],"wp:featuredmedia":[{"embeddable":true,"href":"https:\/\/airmotel.it\/de\/wp-json\/wp\/v2\/media\/314"}],"wp:attachment":[{"href":"https:\/\/airmotel.it\/de\/wp-json\/wp\/v2\/media?parent=900"}],"curies":[{"name":"wp","href":"https:\/\/api.w.org\/{rel}","templated":true}]}}