{"id":883,"date":"2023-10-18T10:08:43","date_gmt":"2023-10-18T10:08:43","guid":{"rendered":"https:\/\/staging.airmotel.it\/contact\/"},"modified":"2023-12-11T16:56:12","modified_gmt":"2023-12-11T16:56:12","slug":"kontakt","status":"publish","type":"page","link":"https:\/\/airmotel.it\/de\/kontakt\/","title":{"rendered":"Kontakt"},"content":{"rendered":"\n<div class=\"wp-block-columns is-layout-flex wp-container-core-columns-is-layout-9d6595d7 wp-block-columns-is-layout-flex\">\n<div class=\"wp-block-column is-layout-flow wp-block-column-is-layout-flow\">\n<h3 class=\"wp-block-heading\">Hotel Airmotel<\/h3>\n\n\n\n<p>Via Alfredo Ceccherini, 13<br>30174 Mestre<br>Venezia<br>View map<\/p>\n<\/div>\n\n\n\n<div class=\"wp-block-column is-layout-flow wp-block-column-is-layout-flow\">\n<h3 class=\"wp-block-heading\">Fahrplan<\/h3>\n\n\n\n<p><strong>Einchecken:<\/strong>\u00a0ab 14:00<br>(bei fr\u00fcherer Ankunft k\u00f6nnen Sie Ihr Gep\u00e4ck an der Rezeption abgeben)<br><strong>Auschecken: <\/strong>11:00 Uhr<br><strong>Fr\u00fchst\u00fcck:<\/strong> 07:00-10:00 Uhr<\/p>\n\n\n\n<p><\/p>\n<\/div>\n<\/div>\n\n\n\n<div class=\"wp-block-columns is-layout-flex wp-container-core-columns-is-layout-9d6595d7 wp-block-columns-is-layout-flex\">\n<div class=\"wp-block-column is-layout-flow wp-block-column-is-layout-flow\">\n<p><strong>Kurtaxe nicht inbegriffen<\/strong><\/p>\n\n\n\n<p>Hochsaison 2,40 \u20ac pro Person und Nacht.<br>Nebensaison 1,70 \u20ac pro Person und Nacht.<br>Kostenlos f\u00fcr Kinder bis zu 9 Jahren.<br>50% Erm\u00e4\u00dfigung f\u00fcr Kinder von 10 bis 15 Jahren.<\/p>\n<\/div>\n<\/div>\n","protected":false},"excerpt":{"rendered":"<p>Hotel Airmotel Via Alfredo Ceccherini, 1330174 MestreVeneziaView map Fahrplan Einchecken:\u00a0ab 14:00(bei fr\u00fcherer Ankunft k\u00f6nnen Sie Ihr Gep\u00e4ck an der Rezeption abgeben)Auschecken: 11:00 UhrFr\u00fchst\u00fcck: 07:00-10:00 Uhr Kurtaxe nicht inbegriffen Hochsaison 2,40 \u20ac pro Person und Nacht.Nebensaison 1,70 \u20ac pro Person und Nacht.Kostenlos f\u00fcr Kinder bis zu 9 Jahren.50% Erm\u00e4\u00dfigung f\u00fcr Kinder von 10 bis 15 Jahren.<\/p>\n","protected":false},"author":1,"featured_media":136,"parent":0,"menu_order":0,"comment_status":"closed","ping_status":"closed","template":"templates\/contatti.php","meta":{"footnotes":""},"class_list":["post-883","page","type-page","status-publish","has-post-thumbnail","hentry"],"acf":[],"yoast_head":"<!-- This site is optimized with the Yoast SEO plugin v26.0 - https:\/\/yoast.com\/wordpress\/plugins\/seo\/ -->\n<title>Kontakt - Hotel Airmotel<\/title>\n<meta name=\"robots\" content=\"index, follow, max-snippet:-1, max-image-preview:large, max-video-preview:-1\" \/>\n<link rel=\"canonical\" href=\"https:\/\/airmotel.it\/de\/kontakt\/\" \/>\n<meta property=\"og:locale\" content=\"de_DE\" \/>\n<meta property=\"og:type\" content=\"article\" \/>\n<meta property=\"og:title\" content=\"Kontakt - Hotel Airmotel\" \/>\n<meta property=\"og:description\" content=\"Hotel Airmotel Via Alfredo Ceccherini, 1330174 MestreVeneziaView map Fahrplan Einchecken:\u00a0ab 14:00(bei fr\u00fcherer Ankunft k\u00f6nnen Sie Ihr Gep\u00e4ck an der Rezeption abgeben)Auschecken: 11:00 UhrFr\u00fchst\u00fcck: 07:00-10:00 Uhr Kurtaxe nicht inbegriffen Hochsaison 2,40 \u20ac pro Person und Nacht.Nebensaison 1,70 \u20ac pro Person und Nacht.Kostenlos f\u00fcr Kinder bis zu 9 Jahren.50% Erm\u00e4\u00dfigung f\u00fcr Kinder von 10 bis 15 Jahren.\" \/>\n<meta property=\"og:url\" content=\"https:\/\/airmotel.it\/de\/kontakt\/\" \/>\n<meta property=\"og:site_name\" content=\"Hotel Airmotel\" \/>\n<meta property=\"article:modified_time\" content=\"2023-12-11T16:56:12+00:00\" \/>\n<meta property=\"og:image\" content=\"https:\/\/airmotel.it\/wp-content\/uploads\/2023\/10\/MG_0112.jpg\" \/>\n\t<meta property=\"og:image:width\" content=\"1200\" \/>\n\t<meta property=\"og:image:height\" content=\"800\" \/>\n\t<meta property=\"og:image:type\" content=\"image\/jpeg\" \/>\n<meta name=\"twitter:card\" content=\"summary_large_image\" \/>\n<meta name=\"twitter:label1\" content=\"Gesch\u00e4tzte Lesezeit\" \/>\n\t<meta name=\"twitter:data1\" content=\"1\u00a0Minute\" \/>\n<script type=\"application\/ld+json\" class=\"yoast-schema-graph\">{\"@context\":\"https:\/\/schema.org\",\"@graph\":[{\"@type\":\"WebPage\",\"@id\":\"https:\/\/airmotel.it\/de\/kontakt\/\",\"url\":\"https:\/\/airmotel.it\/de\/kontakt\/\",\"name\":\"Kontakt - Hotel Airmotel\",\"isPartOf\":{\"@id\":\"https:\/\/airmotel.it\/de\/#website\"},\"primaryImageOfPage\":{\"@id\":\"https:\/\/airmotel.it\/de\/kontakt\/#primaryimage\"},\"image\":{\"@id\":\"https:\/\/airmotel.it\/de\/kontakt\/#primaryimage\"},\"thumbnailUrl\":\"https:\/\/airmotel.it\/wp-content\/uploads\/2023\/10\/MG_0112.jpg\",\"datePublished\":\"2023-10-18T10:08:43+00:00\",\"dateModified\":\"2023-12-11T16:56:12+00:00\",\"breadcrumb\":{\"@id\":\"https:\/\/airmotel.it\/de\/kontakt\/#breadcrumb\"},\"inLanguage\":\"de\",\"potentialAction\":[{\"@type\":\"ReadAction\",\"target\":[\"https:\/\/airmotel.it\/de\/kontakt\/\"]}]},{\"@type\":\"ImageObject\",\"inLanguage\":\"de\",\"@id\":\"https:\/\/airmotel.it\/de\/kontakt\/#primaryimage\",\"url\":\"https:\/\/airmotel.it\/wp-content\/uploads\/2023\/10\/MG_0112.jpg\",\"contentUrl\":\"https:\/\/airmotel.it\/wp-content\/uploads\/2023\/10\/MG_0112.jpg\",\"width\":1200,\"height\":800,\"caption\":\"Hotel Airmotel Mestre\"},{\"@type\":\"BreadcrumbList\",\"@id\":\"https:\/\/airmotel.it\/de\/kontakt\/#breadcrumb\",\"itemListElement\":[{\"@type\":\"ListItem\",\"position\":1,\"name\":\"Home\",\"item\":\"https:\/\/airmotel.it\/de\/\"},{\"@type\":\"ListItem\",\"position\":2,\"name\":\"Kontakt\"}]},{\"@type\":\"WebSite\",\"@id\":\"https:\/\/airmotel.it\/de\/#website\",\"url\":\"https:\/\/airmotel.it\/de\/\",\"name\":\"Hotel Airmotel\",\"description\":\"Hotel a conduzione famigliare\",\"publisher\":{\"@id\":\"https:\/\/airmotel.it\/de\/#organization\"},\"potentialAction\":[{\"@type\":\"SearchAction\",\"target\":{\"@type\":\"EntryPoint\",\"urlTemplate\":\"https:\/\/airmotel.it\/de\/?s={search_term_string}\"},\"query-input\":{\"@type\":\"PropertyValueSpecification\",\"valueRequired\":true,\"valueName\":\"search_term_string\"}}],\"inLanguage\":\"de\"},{\"@type\":\"Organization\",\"@id\":\"https:\/\/airmotel.it\/de\/#organization\",\"name\":\"Hotel Airmotel\",\"url\":\"https:\/\/airmotel.it\/de\/\",\"logo\":{\"@type\":\"ImageObject\",\"inLanguage\":\"de\",\"@id\":\"https:\/\/airmotel.it\/de\/#\/schema\/logo\/image\/\",\"url\":\"https:\/\/airmotel.it\/wp-content\/uploads\/2023\/10\/cropped-logo-air2.png\",\"contentUrl\":\"https:\/\/airmotel.it\/wp-content\/uploads\/2023\/10\/cropped-logo-air2.png\",\"width\":120,\"height\":85,\"caption\":\"Hotel Airmotel\"},\"image\":{\"@id\":\"https:\/\/airmotel.it\/de\/#\/schema\/logo\/image\/\"}}]}<\/script>\n<!-- \/ Yoast SEO plugin. -->","yoast_head_json":{"title":"Kontakt - Hotel Airmotel","robots":{"index":"index","follow":"follow","max-snippet":"max-snippet:-1","max-image-preview":"max-image-preview:large","max-video-preview":"max-video-preview:-1"},"canonical":"https:\/\/airmotel.it\/de\/kontakt\/","og_locale":"de_DE","og_type":"article","og_title":"Kontakt - Hotel Airmotel","og_description":"Hotel Airmotel Via Alfredo Ceccherini, 1330174 MestreVeneziaView map Fahrplan Einchecken:\u00a0ab 14:00(bei fr\u00fcherer Ankunft k\u00f6nnen Sie Ihr Gep\u00e4ck an der Rezeption abgeben)Auschecken: 11:00 UhrFr\u00fchst\u00fcck: 07:00-10:00 Uhr Kurtaxe nicht inbegriffen Hochsaison 2,40 \u20ac pro Person und Nacht.Nebensaison 1,70 \u20ac pro Person und Nacht.Kostenlos f\u00fcr Kinder bis zu 9 Jahren.50% Erm\u00e4\u00dfigung f\u00fcr Kinder von 10 bis 15 Jahren.","og_url":"https:\/\/airmotel.it\/de\/kontakt\/","og_site_name":"Hotel Airmotel","article_modified_time":"2023-12-11T16:56:12+00:00","og_image":[{"width":1200,"height":800,"url":"https:\/\/airmotel.it\/wp-content\/uploads\/2023\/10\/MG_0112.jpg","type":"image\/jpeg"}],"twitter_card":"summary_large_image","twitter_misc":{"Gesch\u00e4tzte Lesezeit":"1\u00a0Minute"},"schema":{"@context":"https:\/\/schema.org","@graph":[{"@type":"WebPage","@id":"https:\/\/airmotel.it\/de\/kontakt\/","url":"https:\/\/airmotel.it\/de\/kontakt\/","name":"Kontakt - Hotel Airmotel","isPartOf":{"@id":"https:\/\/airmotel.it\/de\/#website"},"primaryImageOfPage":{"@id":"https:\/\/airmotel.it\/de\/kontakt\/#primaryimage"},"image":{"@id":"https:\/\/airmotel.it\/de\/kontakt\/#primaryimage"},"thumbnailUrl":"https:\/\/airmotel.it\/wp-content\/uploads\/2023\/10\/MG_0112.jpg","datePublished":"2023-10-18T10:08:43+00:00","dateModified":"2023-12-11T16:56:12+00:00","breadcrumb":{"@id":"https:\/\/airmotel.it\/de\/kontakt\/#breadcrumb"},"inLanguage":"de","potentialAction":[{"@type":"ReadAction","target":["https:\/\/airmotel.it\/de\/kontakt\/"]}]},{"@type":"ImageObject","inLanguage":"de","@id":"https:\/\/airmotel.it\/de\/kontakt\/#primaryimage","url":"https:\/\/airmotel.it\/wp-content\/uploads\/2023\/10\/MG_0112.jpg","contentUrl":"https:\/\/airmotel.it\/wp-content\/uploads\/2023\/10\/MG_0112.jpg","width":1200,"height":800,"caption":"Hotel Airmotel Mestre"},{"@type":"BreadcrumbList","@id":"https:\/\/airmotel.it\/de\/kontakt\/#breadcrumb","itemListElement":[{"@type":"ListItem","position":1,"name":"Home","item":"https:\/\/airmotel.it\/de\/"},{"@type":"ListItem","position":2,"name":"Kontakt"}]},{"@type":"WebSite","@id":"https:\/\/airmotel.it\/de\/#website","url":"https:\/\/airmotel.it\/de\/","name":"Hotel Airmotel","description":"Hotel a conduzione famigliare","publisher":{"@id":"https:\/\/airmotel.it\/de\/#organization"},"potentialAction":[{"@type":"SearchAction","target":{"@type":"EntryPoint","urlTemplate":"https:\/\/airmotel.it\/de\/?s={search_term_string}"},"query-input":{"@type":"PropertyValueSpecification","valueRequired":true,"valueName":"search_term_string"}}],"inLanguage":"de"},{"@type":"Organization","@id":"https:\/\/airmotel.it\/de\/#organization","name":"Hotel Airmotel","url":"https:\/\/airmotel.it\/de\/","logo":{"@type":"ImageObject","inLanguage":"de","@id":"https:\/\/airmotel.it\/de\/#\/schema\/logo\/image\/","url":"https:\/\/airmotel.it\/wp-content\/uploads\/2023\/10\/cropped-logo-air2.png","contentUrl":"https:\/\/airmotel.it\/wp-content\/uploads\/2023\/10\/cropped-logo-air2.png","width":120,"height":85,"caption":"Hotel Airmotel"},"image":{"@id":"https:\/\/airmotel.it\/de\/#\/schema\/logo\/image\/"}}]}},"_links":{"self":[{"href":"https:\/\/airmotel.it\/de\/wp-json\/wp\/v2\/pages\/883","targetHints":{"allow":["GET"]}}],"collection":[{"href":"https:\/\/airmotel.it\/de\/wp-json\/wp\/v2\/pages"}],"about":[{"href":"https:\/\/airmotel.it\/de\/wp-json\/wp\/v2\/types\/page"}],"author":[{"embeddable":true,"href":"https:\/\/airmotel.it\/de\/wp-json\/wp\/v2\/users\/1"}],"replies":[{"embeddable":true,"href":"https:\/\/airmotel.it\/de\/wp-json\/wp\/v2\/comments?post=883"}],"version-history":[{"count":2,"href":"https:\/\/airmotel.it\/de\/wp-json\/wp\/v2\/pages\/883\/revisions"}],"predecessor-version":[{"id":887,"href":"https:\/\/airmotel.it\/de\/wp-json\/wp\/v2\/pages\/883\/revisions\/887"}],"wp:featuredmedia":[{"embeddable":true,"href":"https:\/\/airmotel.it\/de\/wp-json\/wp\/v2\/media\/136"}],"wp:attachment":[{"href":"https:\/\/airmotel.it\/de\/wp-json\/wp\/v2\/media?parent=883"}],"curies":[{"name":"wp","href":"https:\/\/api.w.org\/{rel}","templated":true}]}}