{"id":869,"date":"2023-11-20T15:54:22","date_gmt":"2023-11-20T15:54:22","guid":{"rendered":"https:\/\/staging.airmotel.it\/breakfast\/"},"modified":"2023-12-11T16:40:43","modified_gmt":"2023-12-11T16:40:43","slug":"fruehstueck","status":"publish","type":"page","link":"https:\/\/airmotel.it\/de\/fruehstueck\/","title":{"rendered":"Fr\u00fchst\u00fcck"},"content":{"rendered":"\n<blockquote class=\"wp-block-quote is-layout-flow wp-block-quote-is-layout-flow\">\n<p><strong>St\u00e4rken Sie sich an unserem Fr\u00fchst\u00fccksbuffet und beginnen Sie Ihren Tag mit einem guten Gef\u00fchl!<\/strong><\/p>\n\n\n\n<p>Unser Buffet ist t\u00e4glich von 7.00 bis 10.00 Uhr ge\u00f6ffnet und bietet s\u00fc\u00dfe und herzhafte Produkte f\u00fcr alle Geschm\u00e4cker. Vergessen Sie nicht, unsere handgemachten Kuchen zu probieren!<\/p>\n\n\n\n<p>Gluten- und laktosefreie Produkte sind auf Anfrage erh\u00e4ltlich, falls Sie Lebensmittelunvertr\u00e4glichkeiten oder Allergien haben.<\/p>\n<\/blockquote>\n\n\n\n<figure class=\"wp-block-gallery has-nested-images columns-2 is-cropped wp-block-gallery-1 is-layout-flex wp-block-gallery-is-layout-flex\">\n<figure class=\"wp-block-image size-large\"><a href=\"https:\/\/airmotel.it\/wp-content\/uploads\/2023\/10\/Hotel-Airmotel42.jpg\" data-lbwps-width=\"1620\" data-lbwps-height=\"1080\" data-lbwps-srcsmall=\"https:\/\/airmotel.it\/wp-content\/uploads\/2023\/10\/Hotel-Airmotel42-300x200.jpg\"><img loading=\"lazy\" decoding=\"async\" width=\"1024\" height=\"683\" data-id=\"557\" src=\"https:\/\/airmotel.it\/wp-content\/uploads\/2023\/10\/Hotel-Airmotel42-1024x683.jpg\" alt=\"\" class=\"wp-image-557\" srcset=\"https:\/\/airmotel.it\/wp-content\/uploads\/2023\/10\/Hotel-Airmotel42-1024x683.jpg 1024w, https:\/\/airmotel.it\/wp-content\/uploads\/2023\/10\/Hotel-Airmotel42-300x200.jpg 300w, https:\/\/airmotel.it\/wp-content\/uploads\/2023\/10\/Hotel-Airmotel42-768x512.jpg 768w, https:\/\/airmotel.it\/wp-content\/uploads\/2023\/10\/Hotel-Airmotel42-1536x1024.jpg 1536w, https:\/\/airmotel.it\/wp-content\/uploads\/2023\/10\/Hotel-Airmotel42.jpg 1620w\" sizes=\"auto, (max-width: 1024px) 100vw, 1024px\" \/><\/a><\/figure>\n\n\n\n<figure class=\"wp-block-image size-large\"><a href=\"https:\/\/airmotel.it\/wp-content\/uploads\/2023\/11\/IMG_3533.jpg\" data-lbwps-width=\"2016\" data-lbwps-height=\"1134\" data-lbwps-srcsmall=\"https:\/\/airmotel.it\/wp-content\/uploads\/2023\/11\/IMG_3533-300x169.jpg\"><img loading=\"lazy\" decoding=\"async\" width=\"1024\" height=\"576\" data-id=\"854\" src=\"https:\/\/airmotel.it\/wp-content\/uploads\/2023\/11\/IMG_3533-1024x576.jpg\" alt=\"\" class=\"wp-image-854\" srcset=\"https:\/\/airmotel.it\/wp-content\/uploads\/2023\/11\/IMG_3533-1024x576.jpg 1024w, https:\/\/airmotel.it\/wp-content\/uploads\/2023\/11\/IMG_3533-300x169.jpg 300w, https:\/\/airmotel.it\/wp-content\/uploads\/2023\/11\/IMG_3533-768x432.jpg 768w, https:\/\/airmotel.it\/wp-content\/uploads\/2023\/11\/IMG_3533-1536x864.jpg 1536w, https:\/\/airmotel.it\/wp-content\/uploads\/2023\/11\/IMG_3533.jpg 2016w\" sizes=\"auto, (max-width: 1024px) 100vw, 1024px\" \/><\/a><\/figure>\n\n\n\n<figure class=\"wp-block-image size-large\"><a href=\"https:\/\/airmotel.it\/wp-content\/uploads\/2023\/11\/MG_6679.jpg\" data-lbwps-width=\"2732\" data-lbwps-height=\"1822\" data-lbwps-srcsmall=\"https:\/\/airmotel.it\/wp-content\/uploads\/2023\/11\/MG_6679-300x200.jpg\"><img loading=\"lazy\" decoding=\"async\" width=\"1024\" height=\"683\" data-id=\"829\" src=\"https:\/\/airmotel.it\/wp-content\/uploads\/2023\/11\/MG_6679-1024x683.jpg\" alt=\"\" class=\"wp-image-829\" srcset=\"https:\/\/airmotel.it\/wp-content\/uploads\/2023\/11\/MG_6679-1024x683.jpg 1024w, https:\/\/airmotel.it\/wp-content\/uploads\/2023\/11\/MG_6679-300x200.jpg 300w, https:\/\/airmotel.it\/wp-content\/uploads\/2023\/11\/MG_6679-768x512.jpg 768w, https:\/\/airmotel.it\/wp-content\/uploads\/2023\/11\/MG_6679-1536x1024.jpg 1536w, https:\/\/airmotel.it\/wp-content\/uploads\/2023\/11\/MG_6679-2048x1366.jpg 2048w\" sizes=\"auto, (max-width: 1024px) 100vw, 1024px\" \/><\/a><\/figure>\n\n\n\n<figure class=\"wp-block-image size-large\"><a href=\"https:\/\/airmotel.it\/wp-content\/uploads\/2023\/11\/IMG_3540.jpg\" data-lbwps-width=\"1512\" data-lbwps-height=\"2016\" data-lbwps-srcsmall=\"https:\/\/airmotel.it\/wp-content\/uploads\/2023\/11\/IMG_3540-225x300.jpg\"><img loading=\"lazy\" decoding=\"async\" width=\"768\" height=\"1024\" data-id=\"859\" src=\"https:\/\/airmotel.it\/wp-content\/uploads\/2023\/11\/IMG_3540-768x1024.jpg\" alt=\"\" class=\"wp-image-859\" srcset=\"https:\/\/airmotel.it\/wp-content\/uploads\/2023\/11\/IMG_3540-768x1024.jpg 768w, https:\/\/airmotel.it\/wp-content\/uploads\/2023\/11\/IMG_3540-225x300.jpg 225w, https:\/\/airmotel.it\/wp-content\/uploads\/2023\/11\/IMG_3540-1152x1536.jpg 1152w, https:\/\/airmotel.it\/wp-content\/uploads\/2023\/11\/IMG_3540.jpg 1512w\" sizes=\"auto, (max-width: 768px) 100vw, 768px\" \/><\/a><\/figure>\n\n\n\n<figure class=\"wp-block-image size-large\"><a href=\"https:\/\/airmotel.it\/wp-content\/uploads\/2023\/11\/IMG_3530.jpg\" data-lbwps-width=\"1512\" data-lbwps-height=\"2016\" data-lbwps-srcsmall=\"https:\/\/airmotel.it\/wp-content\/uploads\/2023\/11\/IMG_3530-225x300.jpg\"><img loading=\"lazy\" decoding=\"async\" width=\"768\" height=\"1024\" data-id=\"849\" src=\"https:\/\/airmotel.it\/wp-content\/uploads\/2023\/11\/IMG_3530-768x1024.jpg\" alt=\"\" class=\"wp-image-849\" srcset=\"https:\/\/airmotel.it\/wp-content\/uploads\/2023\/11\/IMG_3530-768x1024.jpg 768w, https:\/\/airmotel.it\/wp-content\/uploads\/2023\/11\/IMG_3530-225x300.jpg 225w, https:\/\/airmotel.it\/wp-content\/uploads\/2023\/11\/IMG_3530-1152x1536.jpg 1152w, https:\/\/airmotel.it\/wp-content\/uploads\/2023\/11\/IMG_3530.jpg 1512w\" sizes=\"auto, (max-width: 768px) 100vw, 768px\" \/><\/a><\/figure>\n\n\n\n<figure class=\"wp-block-image size-large\"><a href=\"https:\/\/airmotel.it\/wp-content\/uploads\/2023\/11\/IMG_3501.jpg\" data-lbwps-width=\"1512\" data-lbwps-height=\"2016\" data-lbwps-srcsmall=\"https:\/\/airmotel.it\/wp-content\/uploads\/2023\/11\/IMG_3501-225x300.jpg\"><img loading=\"lazy\" decoding=\"async\" width=\"768\" height=\"1024\" data-id=\"844\" src=\"https:\/\/airmotel.it\/wp-content\/uploads\/2023\/11\/IMG_3501-768x1024.jpg\" alt=\"\" class=\"wp-image-844\" srcset=\"https:\/\/airmotel.it\/wp-content\/uploads\/2023\/11\/IMG_3501-768x1024.jpg 768w, https:\/\/airmotel.it\/wp-content\/uploads\/2023\/11\/IMG_3501-225x300.jpg 225w, https:\/\/airmotel.it\/wp-content\/uploads\/2023\/11\/IMG_3501-1152x1536.jpg 1152w, https:\/\/airmotel.it\/wp-content\/uploads\/2023\/11\/IMG_3501.jpg 1512w\" sizes=\"auto, (max-width: 768px) 100vw, 768px\" \/><\/a><\/figure>\n\n\n\n<figure class=\"wp-block-image size-large\"><a href=\"https:\/\/airmotel.it\/wp-content\/uploads\/2023\/11\/IMG_3441.jpg\" data-lbwps-width=\"1512\" data-lbwps-height=\"2016\" data-lbwps-srcsmall=\"https:\/\/airmotel.it\/wp-content\/uploads\/2023\/11\/IMG_3441-225x300.jpg\"><img loading=\"lazy\" decoding=\"async\" width=\"768\" height=\"1024\" data-id=\"839\" src=\"https:\/\/airmotel.it\/wp-content\/uploads\/2023\/11\/IMG_3441-768x1024.jpg\" alt=\"\" class=\"wp-image-839\" srcset=\"https:\/\/airmotel.it\/wp-content\/uploads\/2023\/11\/IMG_3441-768x1024.jpg 768w, https:\/\/airmotel.it\/wp-content\/uploads\/2023\/11\/IMG_3441-225x300.jpg 225w, https:\/\/airmotel.it\/wp-content\/uploads\/2023\/11\/IMG_3441-1152x1536.jpg 1152w, https:\/\/airmotel.it\/wp-content\/uploads\/2023\/11\/IMG_3441.jpg 1512w\" sizes=\"auto, (max-width: 768px) 100vw, 768px\" \/><\/a><\/figure>\n\n\n\n<figure class=\"wp-block-image size-large\"><a href=\"https:\/\/airmotel.it\/wp-content\/uploads\/2023\/11\/IMG_3383.jpg\" data-lbwps-width=\"1512\" data-lbwps-height=\"2016\" data-lbwps-srcsmall=\"https:\/\/airmotel.it\/wp-content\/uploads\/2023\/11\/IMG_3383-225x300.jpg\"><img loading=\"lazy\" decoding=\"async\" width=\"768\" height=\"1024\" data-id=\"834\" src=\"https:\/\/airmotel.it\/wp-content\/uploads\/2023\/11\/IMG_3383-768x1024.jpg\" alt=\"\" class=\"wp-image-834\" srcset=\"https:\/\/airmotel.it\/wp-content\/uploads\/2023\/11\/IMG_3383-768x1024.jpg 768w, https:\/\/airmotel.it\/wp-content\/uploads\/2023\/11\/IMG_3383-225x300.jpg 225w, https:\/\/airmotel.it\/wp-content\/uploads\/2023\/11\/IMG_3383-1152x1536.jpg 1152w, https:\/\/airmotel.it\/wp-content\/uploads\/2023\/11\/IMG_3383.jpg 1512w\" sizes=\"auto, (max-width: 768px) 100vw, 768px\" \/><\/a><\/figure>\n<\/figure>\n","protected":false},"excerpt":{"rendered":"<p>St\u00e4rken Sie sich an unserem Fr\u00fchst\u00fccksbuffet und beginnen Sie Ihren Tag mit einem guten Gef\u00fchl! Unser Buffet ist t\u00e4glich von 7.00 bis 10.00 Uhr ge\u00f6ffnet und bietet s\u00fc\u00dfe und herzhafte Produkte f\u00fcr alle Geschm\u00e4cker. Vergessen Sie nicht, unsere handgemachten Kuchen zu probieren! Gluten- und laktosefreie Produkte sind auf Anfrage erh\u00e4ltlich, falls Sie Lebensmittelunvertr\u00e4glichkeiten oder Allergien [&hellip;]<\/p>\n","protected":false},"author":1,"featured_media":661,"parent":0,"menu_order":0,"comment_status":"closed","ping_status":"closed","template":"","meta":{"footnotes":""},"class_list":["post-869","page","type-page","status-publish","has-post-thumbnail","hentry"],"acf":[],"yoast_head":"<!-- This site is optimized with the Yoast SEO plugin v26.0 - https:\/\/yoast.com\/wordpress\/plugins\/seo\/ -->\n<title>Fr\u00fchst\u00fcck - Hotel Airmotel<\/title>\n<meta name=\"robots\" content=\"index, follow, max-snippet:-1, max-image-preview:large, max-video-preview:-1\" \/>\n<link rel=\"canonical\" href=\"https:\/\/airmotel.it\/de\/fruehstueck\/\" \/>\n<meta property=\"og:locale\" content=\"de_DE\" \/>\n<meta property=\"og:type\" content=\"article\" \/>\n<meta property=\"og:title\" content=\"Fr\u00fchst\u00fcck - Hotel Airmotel\" \/>\n<meta property=\"og:description\" content=\"St\u00e4rken Sie sich an unserem Fr\u00fchst\u00fccksbuffet und beginnen Sie Ihren Tag mit einem guten Gef\u00fchl! Unser Buffet ist t\u00e4glich von 7.00 bis 10.00 Uhr ge\u00f6ffnet und bietet s\u00fc\u00dfe und herzhafte Produkte f\u00fcr alle Geschm\u00e4cker. Vergessen Sie nicht, unsere handgemachten Kuchen zu probieren! Gluten- und laktosefreie Produkte sind auf Anfrage erh\u00e4ltlich, falls Sie Lebensmittelunvertr\u00e4glichkeiten oder Allergien [&hellip;]\" \/>\n<meta property=\"og:url\" content=\"https:\/\/airmotel.it\/de\/fruehstueck\/\" \/>\n<meta property=\"og:site_name\" content=\"Hotel Airmotel\" \/>\n<meta property=\"article:modified_time\" content=\"2023-12-11T16:40:43+00:00\" \/>\n<meta property=\"og:image\" content=\"https:\/\/airmotel.it\/wp-content\/uploads\/2023\/11\/Armotel-testate-colazione.jpg\" \/>\n\t<meta property=\"og:image:width\" content=\"1920\" \/>\n\t<meta property=\"og:image:height\" content=\"800\" \/>\n\t<meta property=\"og:image:type\" content=\"image\/jpeg\" \/>\n<meta name=\"twitter:card\" content=\"summary_large_image\" \/>\n<meta name=\"twitter:label1\" content=\"Gesch\u00e4tzte Lesezeit\" \/>\n\t<meta name=\"twitter:data1\" content=\"2\u00a0Minuten\" \/>\n<script type=\"application\/ld+json\" class=\"yoast-schema-graph\">{\"@context\":\"https:\/\/schema.org\",\"@graph\":[{\"@type\":\"WebPage\",\"@id\":\"https:\/\/airmotel.it\/de\/fruehstueck\/\",\"url\":\"https:\/\/airmotel.it\/de\/fruehstueck\/\",\"name\":\"Fr\u00fchst\u00fcck - Hotel Airmotel\",\"isPartOf\":{\"@id\":\"https:\/\/airmotel.it\/de\/#website\"},\"primaryImageOfPage\":{\"@id\":\"https:\/\/airmotel.it\/de\/fruehstueck\/#primaryimage\"},\"image\":{\"@id\":\"https:\/\/airmotel.it\/de\/fruehstueck\/#primaryimage\"},\"thumbnailUrl\":\"https:\/\/airmotel.it\/wp-content\/uploads\/2023\/11\/Armotel-testate-colazione.jpg\",\"datePublished\":\"2023-11-20T15:54:22+00:00\",\"dateModified\":\"2023-12-11T16:40:43+00:00\",\"breadcrumb\":{\"@id\":\"https:\/\/airmotel.it\/de\/fruehstueck\/#breadcrumb\"},\"inLanguage\":\"de\",\"potentialAction\":[{\"@type\":\"ReadAction\",\"target\":[\"https:\/\/airmotel.it\/de\/fruehstueck\/\"]}]},{\"@type\":\"ImageObject\",\"inLanguage\":\"de\",\"@id\":\"https:\/\/airmotel.it\/de\/fruehstueck\/#primaryimage\",\"url\":\"https:\/\/airmotel.it\/wp-content\/uploads\/2023\/11\/Armotel-testate-colazione.jpg\",\"contentUrl\":\"https:\/\/airmotel.it\/wp-content\/uploads\/2023\/11\/Armotel-testate-colazione.jpg\",\"width\":1920,\"height\":800},{\"@type\":\"BreadcrumbList\",\"@id\":\"https:\/\/airmotel.it\/de\/fruehstueck\/#breadcrumb\",\"itemListElement\":[{\"@type\":\"ListItem\",\"position\":1,\"name\":\"Home\",\"item\":\"https:\/\/airmotel.it\/de\/\"},{\"@type\":\"ListItem\",\"position\":2,\"name\":\"Fr\u00fchst\u00fcck\"}]},{\"@type\":\"WebSite\",\"@id\":\"https:\/\/airmotel.it\/de\/#website\",\"url\":\"https:\/\/airmotel.it\/de\/\",\"name\":\"Hotel Airmotel\",\"description\":\"Hotel a conduzione famigliare\",\"publisher\":{\"@id\":\"https:\/\/airmotel.it\/de\/#organization\"},\"potentialAction\":[{\"@type\":\"SearchAction\",\"target\":{\"@type\":\"EntryPoint\",\"urlTemplate\":\"https:\/\/airmotel.it\/de\/?s={search_term_string}\"},\"query-input\":{\"@type\":\"PropertyValueSpecification\",\"valueRequired\":true,\"valueName\":\"search_term_string\"}}],\"inLanguage\":\"de\"},{\"@type\":\"Organization\",\"@id\":\"https:\/\/airmotel.it\/de\/#organization\",\"name\":\"Hotel Airmotel\",\"url\":\"https:\/\/airmotel.it\/de\/\",\"logo\":{\"@type\":\"ImageObject\",\"inLanguage\":\"de\",\"@id\":\"https:\/\/airmotel.it\/de\/#\/schema\/logo\/image\/\",\"url\":\"https:\/\/airmotel.it\/wp-content\/uploads\/2023\/10\/cropped-logo-air2.png\",\"contentUrl\":\"https:\/\/airmotel.it\/wp-content\/uploads\/2023\/10\/cropped-logo-air2.png\",\"width\":120,\"height\":85,\"caption\":\"Hotel Airmotel\"},\"image\":{\"@id\":\"https:\/\/airmotel.it\/de\/#\/schema\/logo\/image\/\"}}]}<\/script>\n<!-- \/ Yoast SEO plugin. -->","yoast_head_json":{"title":"Fr\u00fchst\u00fcck - Hotel Airmotel","robots":{"index":"index","follow":"follow","max-snippet":"max-snippet:-1","max-image-preview":"max-image-preview:large","max-video-preview":"max-video-preview:-1"},"canonical":"https:\/\/airmotel.it\/de\/fruehstueck\/","og_locale":"de_DE","og_type":"article","og_title":"Fr\u00fchst\u00fcck - Hotel Airmotel","og_description":"St\u00e4rken Sie sich an unserem Fr\u00fchst\u00fccksbuffet und beginnen Sie Ihren Tag mit einem guten Gef\u00fchl! Unser Buffet ist t\u00e4glich von 7.00 bis 10.00 Uhr ge\u00f6ffnet und bietet s\u00fc\u00dfe und herzhafte Produkte f\u00fcr alle Geschm\u00e4cker. Vergessen Sie nicht, unsere handgemachten Kuchen zu probieren! Gluten- und laktosefreie Produkte sind auf Anfrage erh\u00e4ltlich, falls Sie Lebensmittelunvertr\u00e4glichkeiten oder Allergien [&hellip;]","og_url":"https:\/\/airmotel.it\/de\/fruehstueck\/","og_site_name":"Hotel Airmotel","article_modified_time":"2023-12-11T16:40:43+00:00","og_image":[{"width":1920,"height":800,"url":"https:\/\/airmotel.it\/wp-content\/uploads\/2023\/11\/Armotel-testate-colazione.jpg","type":"image\/jpeg"}],"twitter_card":"summary_large_image","twitter_misc":{"Gesch\u00e4tzte Lesezeit":"2\u00a0Minuten"},"schema":{"@context":"https:\/\/schema.org","@graph":[{"@type":"WebPage","@id":"https:\/\/airmotel.it\/de\/fruehstueck\/","url":"https:\/\/airmotel.it\/de\/fruehstueck\/","name":"Fr\u00fchst\u00fcck - Hotel Airmotel","isPartOf":{"@id":"https:\/\/airmotel.it\/de\/#website"},"primaryImageOfPage":{"@id":"https:\/\/airmotel.it\/de\/fruehstueck\/#primaryimage"},"image":{"@id":"https:\/\/airmotel.it\/de\/fruehstueck\/#primaryimage"},"thumbnailUrl":"https:\/\/airmotel.it\/wp-content\/uploads\/2023\/11\/Armotel-testate-colazione.jpg","datePublished":"2023-11-20T15:54:22+00:00","dateModified":"2023-12-11T16:40:43+00:00","breadcrumb":{"@id":"https:\/\/airmotel.it\/de\/fruehstueck\/#breadcrumb"},"inLanguage":"de","potentialAction":[{"@type":"ReadAction","target":["https:\/\/airmotel.it\/de\/fruehstueck\/"]}]},{"@type":"ImageObject","inLanguage":"de","@id":"https:\/\/airmotel.it\/de\/fruehstueck\/#primaryimage","url":"https:\/\/airmotel.it\/wp-content\/uploads\/2023\/11\/Armotel-testate-colazione.jpg","contentUrl":"https:\/\/airmotel.it\/wp-content\/uploads\/2023\/11\/Armotel-testate-colazione.jpg","width":1920,"height":800},{"@type":"BreadcrumbList","@id":"https:\/\/airmotel.it\/de\/fruehstueck\/#breadcrumb","itemListElement":[{"@type":"ListItem","position":1,"name":"Home","item":"https:\/\/airmotel.it\/de\/"},{"@type":"ListItem","position":2,"name":"Fr\u00fchst\u00fcck"}]},{"@type":"WebSite","@id":"https:\/\/airmotel.it\/de\/#website","url":"https:\/\/airmotel.it\/de\/","name":"Hotel Airmotel","description":"Hotel a conduzione famigliare","publisher":{"@id":"https:\/\/airmotel.it\/de\/#organization"},"potentialAction":[{"@type":"SearchAction","target":{"@type":"EntryPoint","urlTemplate":"https:\/\/airmotel.it\/de\/?s={search_term_string}"},"query-input":{"@type":"PropertyValueSpecification","valueRequired":true,"valueName":"search_term_string"}}],"inLanguage":"de"},{"@type":"Organization","@id":"https:\/\/airmotel.it\/de\/#organization","name":"Hotel Airmotel","url":"https:\/\/airmotel.it\/de\/","logo":{"@type":"ImageObject","inLanguage":"de","@id":"https:\/\/airmotel.it\/de\/#\/schema\/logo\/image\/","url":"https:\/\/airmotel.it\/wp-content\/uploads\/2023\/10\/cropped-logo-air2.png","contentUrl":"https:\/\/airmotel.it\/wp-content\/uploads\/2023\/10\/cropped-logo-air2.png","width":120,"height":85,"caption":"Hotel Airmotel"},"image":{"@id":"https:\/\/airmotel.it\/de\/#\/schema\/logo\/image\/"}}]}},"_links":{"self":[{"href":"https:\/\/airmotel.it\/de\/wp-json\/wp\/v2\/pages\/869","targetHints":{"allow":["GET"]}}],"collection":[{"href":"https:\/\/airmotel.it\/de\/wp-json\/wp\/v2\/pages"}],"about":[{"href":"https:\/\/airmotel.it\/de\/wp-json\/wp\/v2\/types\/page"}],"author":[{"embeddable":true,"href":"https:\/\/airmotel.it\/de\/wp-json\/wp\/v2\/users\/1"}],"replies":[{"embeddable":true,"href":"https:\/\/airmotel.it\/de\/wp-json\/wp\/v2\/comments?post=869"}],"version-history":[{"count":1,"href":"https:\/\/airmotel.it\/de\/wp-json\/wp\/v2\/pages\/869\/revisions"}],"predecessor-version":[{"id":871,"href":"https:\/\/airmotel.it\/de\/wp-json\/wp\/v2\/pages\/869\/revisions\/871"}],"wp:featuredmedia":[{"embeddable":true,"href":"https:\/\/airmotel.it\/de\/wp-json\/wp\/v2\/media\/661"}],"wp:attachment":[{"href":"https:\/\/airmotel.it\/de\/wp-json\/wp\/v2\/media?parent=869"}],"curies":[{"name":"wp","href":"https:\/\/api.w.org\/{rel}","templated":true}]}}