{"id":700,"date":"2023-09-25T08:18:56","date_gmt":"2023-09-25T08:18:56","guid":{"rendered":"https:\/\/staging.airmotel.it\/?page_id=700"},"modified":"2023-12-11T17:32:02","modified_gmt":"2023-12-11T17:32:02","slug":"privacy-policy","status":"publish","type":"page","link":"https:\/\/airmotel.it\/de\/privacy-policy\/","title":{"rendered":"PRIVACY POLICY"},"content":{"rendered":"\n<p>In \u00dcbereinstimmung mit Artikel 10 des Gesetzes 196\/2003 (ital. Datenschutzgesetz) m\u00f6chten wir Ihnen Folgendes mitteilen:<br>Die mitgeteilten pers\u00f6nlichen Daten werden vom AIRmote lmit Sitz in Via Ceccherini, 13 \u2013 Italien in einer Weise weiterverarbeitet, welche die Sicherheit und Vertraulichkeit der Daten in \u00dcbereinstimmung mit den Bestimmungen des Kodex in Bezug auf den Schutz personenbezogener Daten (D. Lgs. 196\/2003 \u2013 ital. Datenschutzgesetz) gew\u00e4hrleisten. Die Weiterverarbeitung erfolgt durch Konsultation und Datenaufbereitung sowohl auf Papier als auch auf Datentr\u00e4gern, deren Zugriff kontrolliert wird. Wir weisen darauf hin, dass die Bereitstellung von Daten durch die Nutzer fakultativ, jedoch f\u00fcr die Versendung der von Ihnen angefragten Informationen unerl\u00e4sslich ist. Sie k\u00f6nnen jederzeit die Aktualisierung, \u00c4nderung, Integration oder L\u00f6schung Ihrer Daten in \u00dcbereinstimmung mit den Bestimmungen des Artikels 7 der it. Gesetzesbestimmung 196\/2003 zum Datenschutz beantragen, indem Sie eine Email an info@airmotel.it schicken.<br>Ich stimme der Verarbeitung meiner personenbezogenen Daten zu.<\/p>\n","protected":false},"excerpt":{"rendered":"<p>In \u00dcbereinstimmung mit Artikel 10 des Gesetzes 196\/2003 (ital. Datenschutzgesetz) m\u00f6chten wir Ihnen Folgendes mitteilen:Die mitgeteilten pers\u00f6nlichen Daten werden vom AIRmote lmit Sitz in Via Ceccherini, 13 \u2013 Italien in einer Weise weiterverarbeitet, welche die Sicherheit und Vertraulichkeit der Daten in \u00dcbereinstimmung mit den Bestimmungen des Kodex in Bezug auf den Schutz personenbezogener Daten (D. [&hellip;]<\/p>\n","protected":false},"author":1,"featured_media":0,"parent":0,"menu_order":0,"comment_status":"closed","ping_status":"closed","template":"","meta":{"footnotes":""},"class_list":["post-700","page","type-page","status-publish","hentry"],"acf":[],"yoast_head":"<!-- This site is optimized with the Yoast SEO plugin v26.0 - https:\/\/yoast.com\/wordpress\/plugins\/seo\/ -->\n<title>PRIVACY POLICY - Hotel Airmotel<\/title>\n<meta name=\"robots\" content=\"index, follow, max-snippet:-1, max-image-preview:large, max-video-preview:-1\" \/>\n<link rel=\"canonical\" href=\"https:\/\/airmotel.it\/de\/privacy-policy\/\" \/>\n<meta property=\"og:locale\" content=\"de_DE\" \/>\n<meta property=\"og:type\" content=\"article\" \/>\n<meta property=\"og:title\" content=\"PRIVACY POLICY - Hotel Airmotel\" \/>\n<meta property=\"og:description\" content=\"In \u00dcbereinstimmung mit Artikel 10 des Gesetzes 196\/2003 (ital. Datenschutzgesetz) m\u00f6chten wir Ihnen Folgendes mitteilen:Die mitgeteilten pers\u00f6nlichen Daten werden vom AIRmote lmit Sitz in Via Ceccherini, 13 \u2013 Italien in einer Weise weiterverarbeitet, welche die Sicherheit und Vertraulichkeit der Daten in \u00dcbereinstimmung mit den Bestimmungen des Kodex in Bezug auf den Schutz personenbezogener Daten (D. [&hellip;]\" \/>\n<meta property=\"og:url\" content=\"https:\/\/airmotel.it\/de\/privacy-policy\/\" \/>\n<meta property=\"og:site_name\" content=\"Hotel Airmotel\" \/>\n<meta property=\"article:modified_time\" content=\"2023-12-11T17:32:02+00:00\" \/>\n<meta name=\"twitter:card\" content=\"summary_large_image\" \/>\n<meta name=\"twitter:label1\" content=\"Gesch\u00e4tzte Lesezeit\" \/>\n\t<meta name=\"twitter:data1\" content=\"1\u00a0Minute\" \/>\n<script type=\"application\/ld+json\" class=\"yoast-schema-graph\">{\"@context\":\"https:\/\/schema.org\",\"@graph\":[{\"@type\":\"WebPage\",\"@id\":\"https:\/\/airmotel.it\/de\/privacy-policy\/\",\"url\":\"https:\/\/airmotel.it\/de\/privacy-policy\/\",\"name\":\"PRIVACY POLICY - Hotel Airmotel\",\"isPartOf\":{\"@id\":\"https:\/\/airmotel.it\/de\/#website\"},\"datePublished\":\"2023-09-25T08:18:56+00:00\",\"dateModified\":\"2023-12-11T17:32:02+00:00\",\"breadcrumb\":{\"@id\":\"https:\/\/airmotel.it\/de\/privacy-policy\/#breadcrumb\"},\"inLanguage\":\"de\",\"potentialAction\":[{\"@type\":\"ReadAction\",\"target\":[\"https:\/\/airmotel.it\/de\/privacy-policy\/\"]}]},{\"@type\":\"BreadcrumbList\",\"@id\":\"https:\/\/airmotel.it\/de\/privacy-policy\/#breadcrumb\",\"itemListElement\":[{\"@type\":\"ListItem\",\"position\":1,\"name\":\"Home\",\"item\":\"https:\/\/airmotel.it\/de\/\"},{\"@type\":\"ListItem\",\"position\":2,\"name\":\"PRIVACY POLICY\"}]},{\"@type\":\"WebSite\",\"@id\":\"https:\/\/airmotel.it\/de\/#website\",\"url\":\"https:\/\/airmotel.it\/de\/\",\"name\":\"Hotel Airmotel\",\"description\":\"Hotel a conduzione famigliare\",\"publisher\":{\"@id\":\"https:\/\/airmotel.it\/de\/#organization\"},\"potentialAction\":[{\"@type\":\"SearchAction\",\"target\":{\"@type\":\"EntryPoint\",\"urlTemplate\":\"https:\/\/airmotel.it\/de\/?s={search_term_string}\"},\"query-input\":{\"@type\":\"PropertyValueSpecification\",\"valueRequired\":true,\"valueName\":\"search_term_string\"}}],\"inLanguage\":\"de\"},{\"@type\":\"Organization\",\"@id\":\"https:\/\/airmotel.it\/de\/#organization\",\"name\":\"Hotel Airmotel\",\"url\":\"https:\/\/airmotel.it\/de\/\",\"logo\":{\"@type\":\"ImageObject\",\"inLanguage\":\"de\",\"@id\":\"https:\/\/airmotel.it\/de\/#\/schema\/logo\/image\/\",\"url\":\"https:\/\/airmotel.it\/wp-content\/uploads\/2023\/10\/cropped-logo-air2.png\",\"contentUrl\":\"https:\/\/airmotel.it\/wp-content\/uploads\/2023\/10\/cropped-logo-air2.png\",\"width\":120,\"height\":85,\"caption\":\"Hotel Airmotel\"},\"image\":{\"@id\":\"https:\/\/airmotel.it\/de\/#\/schema\/logo\/image\/\"}}]}<\/script>\n<!-- \/ Yoast SEO plugin. -->","yoast_head_json":{"title":"PRIVACY POLICY - Hotel Airmotel","robots":{"index":"index","follow":"follow","max-snippet":"max-snippet:-1","max-image-preview":"max-image-preview:large","max-video-preview":"max-video-preview:-1"},"canonical":"https:\/\/airmotel.it\/de\/privacy-policy\/","og_locale":"de_DE","og_type":"article","og_title":"PRIVACY POLICY - Hotel Airmotel","og_description":"In \u00dcbereinstimmung mit Artikel 10 des Gesetzes 196\/2003 (ital. Datenschutzgesetz) m\u00f6chten wir Ihnen Folgendes mitteilen:Die mitgeteilten pers\u00f6nlichen Daten werden vom AIRmote lmit Sitz in Via Ceccherini, 13 \u2013 Italien in einer Weise weiterverarbeitet, welche die Sicherheit und Vertraulichkeit der Daten in \u00dcbereinstimmung mit den Bestimmungen des Kodex in Bezug auf den Schutz personenbezogener Daten (D. [&hellip;]","og_url":"https:\/\/airmotel.it\/de\/privacy-policy\/","og_site_name":"Hotel Airmotel","article_modified_time":"2023-12-11T17:32:02+00:00","twitter_card":"summary_large_image","twitter_misc":{"Gesch\u00e4tzte Lesezeit":"1\u00a0Minute"},"schema":{"@context":"https:\/\/schema.org","@graph":[{"@type":"WebPage","@id":"https:\/\/airmotel.it\/de\/privacy-policy\/","url":"https:\/\/airmotel.it\/de\/privacy-policy\/","name":"PRIVACY POLICY - Hotel Airmotel","isPartOf":{"@id":"https:\/\/airmotel.it\/de\/#website"},"datePublished":"2023-09-25T08:18:56+00:00","dateModified":"2023-12-11T17:32:02+00:00","breadcrumb":{"@id":"https:\/\/airmotel.it\/de\/privacy-policy\/#breadcrumb"},"inLanguage":"de","potentialAction":[{"@type":"ReadAction","target":["https:\/\/airmotel.it\/de\/privacy-policy\/"]}]},{"@type":"BreadcrumbList","@id":"https:\/\/airmotel.it\/de\/privacy-policy\/#breadcrumb","itemListElement":[{"@type":"ListItem","position":1,"name":"Home","item":"https:\/\/airmotel.it\/de\/"},{"@type":"ListItem","position":2,"name":"PRIVACY POLICY"}]},{"@type":"WebSite","@id":"https:\/\/airmotel.it\/de\/#website","url":"https:\/\/airmotel.it\/de\/","name":"Hotel Airmotel","description":"Hotel a conduzione famigliare","publisher":{"@id":"https:\/\/airmotel.it\/de\/#organization"},"potentialAction":[{"@type":"SearchAction","target":{"@type":"EntryPoint","urlTemplate":"https:\/\/airmotel.it\/de\/?s={search_term_string}"},"query-input":{"@type":"PropertyValueSpecification","valueRequired":true,"valueName":"search_term_string"}}],"inLanguage":"de"},{"@type":"Organization","@id":"https:\/\/airmotel.it\/de\/#organization","name":"Hotel Airmotel","url":"https:\/\/airmotel.it\/de\/","logo":{"@type":"ImageObject","inLanguage":"de","@id":"https:\/\/airmotel.it\/de\/#\/schema\/logo\/image\/","url":"https:\/\/airmotel.it\/wp-content\/uploads\/2023\/10\/cropped-logo-air2.png","contentUrl":"https:\/\/airmotel.it\/wp-content\/uploads\/2023\/10\/cropped-logo-air2.png","width":120,"height":85,"caption":"Hotel Airmotel"},"image":{"@id":"https:\/\/airmotel.it\/de\/#\/schema\/logo\/image\/"}}]}},"_links":{"self":[{"href":"https:\/\/airmotel.it\/de\/wp-json\/wp\/v2\/pages\/700","targetHints":{"allow":["GET"]}}],"collection":[{"href":"https:\/\/airmotel.it\/de\/wp-json\/wp\/v2\/pages"}],"about":[{"href":"https:\/\/airmotel.it\/de\/wp-json\/wp\/v2\/types\/page"}],"author":[{"embeddable":true,"href":"https:\/\/airmotel.it\/de\/wp-json\/wp\/v2\/users\/1"}],"replies":[{"embeddable":true,"href":"https:\/\/airmotel.it\/de\/wp-json\/wp\/v2\/comments?post=700"}],"version-history":[{"count":1,"href":"https:\/\/airmotel.it\/de\/wp-json\/wp\/v2\/pages\/700\/revisions"}],"predecessor-version":[{"id":701,"href":"https:\/\/airmotel.it\/de\/wp-json\/wp\/v2\/pages\/700\/revisions\/701"}],"wp:attachment":[{"href":"https:\/\/airmotel.it\/de\/wp-json\/wp\/v2\/media?parent=700"}],"curies":[{"name":"wp","href":"https:\/\/api.w.org\/{rel}","templated":true}]}}